{"id":22080,"date":"2024-07-26T10:58:15","date_gmt":"2024-07-26T08:58:15","guid":{"rendered":"https:\/\/bionest.es\/?page_id=22080"},"modified":"2024-07-26T10:58:15","modified_gmt":"2024-07-26T08:58:15","slug":"equipe-bionest","status":"publish","type":"page","link":"https:\/\/bionest.es\/fr\/equipe-bionest\/","title":{"rendered":"\u00c9QUIPE BIONEST"},"content":{"rendered":"<div class=\"wpb-content-wrapper\">[mk_page_section bg_image=\u00a0\u00bbhttps:\/\/bionest.es\/wp-content\/uploads\/2022\/07\/fondo-frutos-rojos-ecologicos-home.jpg\u00a0\u00bb bg_position=\u00a0\u00bbcenter center\u00a0\u00bb bg_repeat=\u00a0\u00bbno-repeat\u00a0\u00bb top_shadow=\u00a0\u00bbtrue\u00a0\u00bb min_height=\u00a0\u00bb\u00a0\u00bb full_width=\u00a0\u00bbtrue\u00a0\u00bb js_vertical_centered=\u00a0\u00bbtrue\u00a0\u00bb padding_top=\u00a0\u00bb50&Prime; padding_bottom=\u00a0\u00bb20&Prime; sidebar=\u00a0\u00bbsidebar-1&Prime;][vc_column css=\u00a0\u00bb.vc_custom_1658496462740{padding-top: 0px !important;padding-bottom: 0px !important;}\u00a0\u00bb][mk_fancy_title tag_name=\u00a0\u00bbh1&Prime; color=\u00a0\u00bb#ffffff\u00a0\u00bb size=\u00a0\u00bb80&Prime; force_font_size=\u00a0\u00bbtrue\u00a0\u00bb size_tablet=\u00a0\u00bb60&Prime; size_phone=\u00a0\u00bb48&Prime; line_height=\u00a0\u00bb80&Prime; font_weight=\u00a0\u00bbbold\u00a0\u00bb margin_bottom=\u00a0\u00bb0&Prime; font_family=\u00a0\u00bbnone\u00a0\u00bb align=\u00a0\u00bbcenter\u00a0\u00bb el_class=\u00a0\u00bbtoday\u00a0\u00bb]\n<p>\u00c9QUIPE BIONEST<\/p>\n[\/mk_fancy_title][vc_row_inner][vc_column_inner width=\u00a0\u00bb1\/6&Prime;][\/vc_column_inner][vc_column_inner width=\u00a0\u00bb2\/3&Prime; css=\u00a0\u00bb.vc_custom_1658496695743{padding-right: 1em !important;padding-left: 1em !important;}\u00a0\u00bb][mk_fancy_title color=\u00a0\u00bb#ffffff\u00a0\u00bb size=\u00a0\u00bb25&Prime; force_font_size=\u00a0\u00bbtrue\u00a0\u00bb size_tablet=\u00a0\u00bb25&Prime; size_phone=\u00a0\u00bb25&Prime; font_weight=\u00a0\u00bb400&Prime; margin_bottom=\u00a0\u00bb0&Prime; font_family=\u00a0\u00bbnone\u00a0\u00bb align=\u00a0\u00bbcenter\u00a0\u00bb el_class=\u00a0\u00bbtoday\u00a0\u00bb]<span class=\"blanco\">Expert en agriculture biologique depuis 1992<\/span>[\/mk_fancy_title][\/vc_column_inner][vc_column_inner width=\u00a0\u00bb1\/6&Prime;][\/vc_column_inner][\/vc_row_inner][\/vc_column][\/mk_page_section][mk_page_section bg_image=\u00a0\u00bbhttps:\/\/bionest.es\/wp-content\/uploads\/2024\/06\/fondos-bionest-32.png\u00a0\u00bb bg_color=\u00a0\u00bb#f7f6f3&Prime; bg_position=\u00a0\u00bbcenter top\u00a0\u00bb bg_repeat=\u00a0\u00bbno-repeat\u00a0\u00bb bg_stretch=\u00a0\u00bbtrue\u00a0\u00bb min_height=\u00a0\u00bb400&Prime; padding_top=\u00a0\u00bb40&Prime; padding_bottom=\u00a0\u00bb0&Prime; sidebar=\u00a0\u00bbsidebar-1&Prime;][vc_column css=\u00a0\u00bb.vc_custom_1718632481102{margin-bottom: 0px !important;padding-top: 0px !important;padding-right: 3em !important;padding-bottom: 0px !important;padding-left: 3em !important;background-position: center !important;background-repeat: no-repeat !important;background-size: contain !important;}\u00a0\u00bb][mk_fancy_title tag_name=\u00a0\u00bbspan\u00a0\u00bb color=\u00a0\u00bb#c60001&Prime; size=\u00a0\u00bb80&Prime; force_font_size=\u00a0\u00bbtrue\u00a0\u00bb size_tablet=\u00a0\u00bb70&Prime; size_phone=\u00a0\u00bb70&Prime; line_height=\u00a0\u00bb80&Prime; margin_bottom=\u00a0\u00bb26&Prime; font_family=\u00a0\u00bbnone\u00a0\u00bb align=\u00a0\u00bbcenter\u00a0\u00bb el_class=\u00a0\u00bbjust\u00a0\u00bb]Premier producteur europ\u00e9en et<br \/>\nExportateur de baies biologiques.[\/mk_fancy_title][vc_raw_html css=\u00a0\u00bb.vc_custom_1721394724471{margin-bottom: 0px !important;}\u00a0\u00bb]JTVCZ3N0ZWFtJTIwaWQlM0Q4JTVE[\/vc_raw_html][\/vc_column][\/mk_page_section][mk_page_section bg_color=\u00a0\u00bb#f7f6f3&Prime; bg_position=\u00a0\u00bbcenter top\u00a0\u00bb bg_repeat=\u00a0\u00bbno-repeat\u00a0\u00bb bg_stretch=\u00a0\u00bbtrue\u00a0\u00bb min_height=\u00a0\u00bb400&Prime; padding_top=\u00a0\u00bb0&Prime; padding_bottom=\u00a0\u00bb40&Prime; sidebar=\u00a0\u00bbsidebar-1&Prime;][vc_column css=\u00a0\u00bb.vc_custom_1718363884854{padding-top: 0em !important;padding-right: 3em !important;padding-bottom: 0em !important;padding-left: 3em !important;background-position: center !important;background-repeat: no-repeat !important;background-size: contain !important;}\u00a0\u00bb][vc_raw_html]JTVCZ3N0ZWFtJTIwaWQlM0Q5JTVE[\/vc_raw_html][\/vc_column][\/mk_page_section][mk_page_section vertical_align=\u00a0\u00bbtop\u00a0\u00bb bg_image=\u00a0\u00bbhttps:\/\/bionest.es\/wp-content\/uploads\/2024\/06\/fondos-bionest-31.png\u00a0\u00bb bg_color=\u00a0\u00bb#f7f6f3&Prime; bg_position=\u00a0\u00bbleft center\u00a0\u00bb bg_repeat=\u00a0\u00bbno-repeat\u00a0\u00bb bg_stretch=\u00a0\u00bbtrue\u00a0\u00bb min_height=\u00a0\u00bb\u00a0\u00bb js_vertical_centered=\u00a0\u00bbtrue\u00a0\u00bb padding_top=\u00a0\u00bb50&Prime; padding_bottom=\u00a0\u00bb50&Prime; sidebar=\u00a0\u00bbsidebar-1&Prime;][vc_column css=\u00a0\u00bb.vc_custom_1718364320318{padding-top: 0em !important;padding-right: 0em !important;padding-bottom: 0em !important;padding-left: 0em !important;}\u00a0\u00bb][mk_fancy_title tag_name=\u00a0\u00bbh1&Prime; color=\u00a0\u00bb#d33022&Prime; size=\u00a0\u00bb72&Prime; force_font_size=\u00a0\u00bbtrue\u00a0\u00bb size_tablet=\u00a0\u00bb56&Prime; size_phone=\u00a0\u00bb44&Prime; line_height=\u00a0\u00bb90&Prime; font_weight=\u00a0\u00bbbold\u00a0\u00bb margin_bottom=\u00a0\u00bb30&Prime; font_family=\u00a0\u00bbnone\u00a0\u00bb align=\u00a0\u00bbcenter\u00a0\u00bb]A MULTIDISCIPLINARY TEAM<br \/>\nFOR A GLOBAL MARKET[\/mk_fancy_title][vc_column_text align=\u00a0\u00bbcenter\u00a0\u00bb el_class=\u00a0\u00bbtoday\u00a0\u00bb css=\u00a0\u00bb.vc_custom_1721394479307{margin-bottom: 0px !important;}\u00a0\u00bb]L&rsquo;\u00e9quipe Bionest, experte en agriculture biologique, s&rsquo;occupe de tous les aspects qui doivent \u00eatre pris en compte pour la production durable de baies biologiques de la plus haute qualit\u00e9.<\/p>\n<p>Avec une \u00e9quipe multidisciplinaire et bien organis\u00e9e, <strong>Bionest est un leader dans la production et l&rsquo;exportation de petits fruits biologiques en Europe<\/strong>.<\/p>\n<p>Ces derni\u00e8res ann\u00e9es, la demande sur le march\u00e9 mondial a consid\u00e9rablement augment\u00e9. Un march\u00e9 mondial exigeant auquel l&rsquo;entreprise se consacre \u00e0 100%. L&rsquo;exportation de baies biologiques Bionest est d\u00e9j\u00e0 une r\u00e9alit\u00e9 dans des pays comme Duba\u00ef, Singapour et le Qatar et l&rsquo;entreprise regarde l&rsquo;avenir avec beaucoup d&rsquo;enthousiasme pour <strong>s&rsquo;engager dans une voie d&rsquo;expansion durable<\/strong>.[\/vc_column_text][\/vc_column][\/mk_page_section][vc_row fullwidth=\u00a0\u00bbtrue\u00a0\u00bb css=\u00a0\u00bb.vc_custom_1718184214214{padding-top: 6em !important;padding-bottom: 6em !important;background-color: #145010 !important;}\u00a0\u00bb][vc_column css=\u00a0\u00bb.vc_custom_1718183863396{background-color: #145010 !important;}\u00a0\u00bb][mk_fancy_title tag_name=\u00a0\u00bbh1&Prime; color=\u00a0\u00bb#ffffff\u00a0\u00bb size=\u00a0\u00bb72&Prime; force_font_size=\u00a0\u00bbtrue\u00a0\u00bb size_tablet=\u00a0\u00bb56&Prime; size_phone=\u00a0\u00bb44&Prime; line_height=\u00a0\u00bb90&Prime; font_weight=\u00a0\u00bbbold\u00a0\u00bb margin_bottom=\u00a0\u00bb30&Prime; font_family=\u00a0\u00bbnone\u00a0\u00bb align=\u00a0\u00bbcenter\u00a0\u00bb]INSTALLATIONS ET TERRAINS DE BIONEST[\/mk_fancy_title][vc_column_text css=\u00a0\u00bb.vc_custom_1718182858293{margin-bottom: 0px !important;}\u00a0\u00bb]\n\t\t<style>\n\t\t\t#wpls-logo-showcase-slider-1 .wpls-fix-box,\n\t\t\t#wpls-logo-showcase-slider-1 .wpls-fix-box img.wp-post-image{max-height:100px; }\n\t\t<\/style>\n\n\t\t<div class=\"wpls-wrap wpls-logo-showcase-slider-wrp wpls-logo-clearfix wpls-design-1 \" data-conf=\"{&quot;slides_column&quot;:&quot;3&quot;,&quot;slides_scroll&quot;:1,&quot;dots&quot;:&quot;true&quot;,&quot;arrows&quot;:&quot;false&quot;,&quot;autoplay&quot;:&quot;true&quot;,&quot;autoplay_interval&quot;:3000,&quot;loop&quot;:&quot;true&quot;,&quot;rtl&quot;:&quot;false&quot;,&quot;speed&quot;:800,&quot;center_mode&quot;:&quot;false&quot;,&quot;lazyload&quot;:&quot;&quot;}\">\n\t\t\t<div class=\"wpls-logo-showcase logo_showcase wpls-logo-slider  sliderimage_hide_border \" id=\"wpls-logo-showcase-slider-1\" >\n\t\t\t\t<div class=\"wpls-logo-cnt\">\n\t<div class=\"wpls-fix-box\">\n\t\t\t\t<img decoding=\"async\" class=\"wp-post-image\"  src=\"https:\/\/bionest.es\/wp-content\/uploads\/2024\/06\/campo_bionest_almonte.webp\" alt=\"\" \/>\n\t\t\t<\/div>\n\t\t<div class=\"logo-title\">Almonte<\/div>\n\t<\/div><div class=\"wpls-logo-cnt\">\n\t<div class=\"wpls-fix-box\">\n\t\t\t\t<img decoding=\"async\" class=\"wp-post-image\"  src=\"https:\/\/bionest.es\/wp-content\/uploads\/2024\/06\/campo_bionest_aljaraque.webp\" alt=\"\" \/>\n\t\t\t<\/div>\n\t\t<div class=\"logo-title\">Aljaraque<\/div>\n\t<\/div><div class=\"wpls-logo-cnt\">\n\t<div class=\"wpls-fix-box\">\n\t\t\t\t<img decoding=\"async\" class=\"wp-post-image\"  src=\"https:\/\/bionest.es\/wp-content\/uploads\/2024\/06\/campo_bionest_isla_cristina.webp\" alt=\"\" \/>\n\t\t\t<\/div>\n\t\t<div class=\"logo-title\">Isla Cristina<\/div>\n\t<\/div><div class=\"wpls-logo-cnt\">\n\t<div class=\"wpls-fix-box\">\n\t\t\t\t<img decoding=\"async\" class=\"wp-post-image\"  src=\"https:\/\/bionest.es\/wp-content\/uploads\/2024\/06\/campo_bionest_manzorrales.webp\" alt=\"\" \/>\n\t\t\t<\/div>\n\t\t<div class=\"logo-title\">Villamanrique<\/div>\n\t<\/div><div class=\"wpls-logo-cnt\">\n\t<div class=\"wpls-fix-box\">\n\t\t\t\t<img decoding=\"async\" class=\"wp-post-image\"  src=\"https:\/\/bionest.es\/wp-content\/uploads\/2024\/06\/campo_bionest_la_zorrilla.webp\" alt=\"\" \/>\n\t\t\t<\/div>\n\t\t<div class=\"logo-title\">La Zorrilla<\/div>\n\t<\/div><div class=\"wpls-logo-cnt\">\n\t<div class=\"wpls-fix-box\">\n\t\t\t\t<img decoding=\"async\" class=\"wp-post-image\"  src=\"https:\/\/bionest.es\/wp-content\/uploads\/2024\/06\/campo_bionest_el_rocio.webp\" alt=\"\" \/>\n\t\t\t<\/div>\n\t\t<div class=\"logo-title\">El Roc\u00edo<\/div>\n\t<\/div>\t\t\t<\/div>\n\t\t<\/div>\n\n\t\t[\/vc_column_text][\/vc_column][\/vc_row][mk_page_section bg_image=\u00a0\u00bbhttps:\/\/bionest.es\/wp-content\/uploads\/2024\/06\/fondos-bionest-33.webp\u00a0\u00bb bg_position=\u00a0\u00bbcenter center\u00a0\u00bb bg_stretch=\u00a0\u00bbtrue\u00a0\u00bb top_shadow=\u00a0\u00bbtrue\u00a0\u00bb js_vertical_centered=\u00a0\u00bbtrue\u00a0\u00bb padding_top=\u00a0\u00bb150&Prime; padding_bottom=\u00a0\u00bb100&Prime; sidebar=\u00a0\u00bbsidebar-1&Prime;][vc_column][mk_fancy_title tag_name=\u00a0\u00bbspan\u00a0\u00bb color=\u00a0\u00bb#ffffff\u00a0\u00bb size=\u00a0\u00bb150&Prime; force_font_size=\u00a0\u00bbtrue\u00a0\u00bb size_tablet=\u00a0\u00bb100&Prime; size_phone=\u00a0\u00bb80&Prime; line_height=\u00a0\u00bb80&Prime; margin_bottom=\u00a0\u00bb0&Prime; font_family=\u00a0\u00bbnone\u00a0\u00bb align=\u00a0\u00bbcenter\u00a0\u00bb el_class=\u00a0\u00bbjust\u00a0\u00bb]Passion pour la terre<br \/>\net durabilit\u00e9[\/mk_fancy_title][\/vc_column][\/mk_page_section]\n<\/div>","protected":false},"excerpt":{"rendered":"<p>[mk_page_section bg_image=\u00a0\u00bbhttps:\/\/bionest.es\/wp-content\/uploads\/2022\/07\/fondo-frutos-rojos-ecologicos-home.jpg\u00a0\u00bb bg_position=\u00a0\u00bbcenter center\u00a0\u00bb bg_repeat=\u00a0\u00bbno-repeat\u00a0\u00bb top_shadow=\u00a0\u00bbtrue\u00a0\u00bb min_height=\u00a0\u00bb\u00a0\u00bb full_width=\u00a0\u00bbtrue\u00a0\u00bb js_vertical_centered=\u00a0\u00bbtrue\u00a0\u00bb padding_top=\u00a0\u00bb50&Prime; padding_bottom=\u00a0\u00bb20&Prime; sidebar=\u00a0\u00bbsidebar-1&Prime;][vc_column css=\u00a0\u00bb.vc_custom_1658496462740{padding-top: 0px !important;padding-bottom: 0px !important;}\u00a0\u00bb][mk_fancy_title tag_name=\u00a0\u00bbh1&Prime; color=\u00a0\u00bb#ffffff\u00a0\u00bb size=\u00a0\u00bb80&Prime; force_font_size=\u00a0\u00bbtrue\u00a0\u00bb size_tablet=\u00a0\u00bb60&Prime; size_phone=\u00a0\u00bb48&Prime; line_height=\u00a0\u00bb80&Prime; font_weight=\u00a0\u00bbbold\u00a0\u00bb margin_bottom=\u00a0\u00bb0&Prime; font_family=\u00a0\u00bbnone\u00a0\u00bb align=\u00a0\u00bbcenter\u00a0\u00bb el_class=\u00a0\u00bbtoday\u00a0\u00bb] \u00c9QUIPE BIONEST [\/mk_fancy_title][vc_row_inner][vc_column_inner width=\u00a0\u00bb1\/6&Prime;][\/vc_column_inner][vc_column_inner width=\u00a0\u00bb2\/3&Prime; css=\u00a0\u00bb.vc_custom_1658496695743{padding-right: 1em !important;padding-left: 1em !important;}\u00a0\u00bb][mk_fancy_title color=\u00a0\u00bb#ffffff\u00a0\u00bb size=\u00a0\u00bb25&Prime; force_font_size=\u00a0\u00bbtrue\u00a0\u00bb size_tablet=\u00a0\u00bb25&Prime; size_phone=\u00a0\u00bb25&Prime; font_weight=\u00a0\u00bb400&Prime; margin_bottom=\u00a0\u00bb0&Prime; font_family=\u00a0\u00bbnone\u00a0\u00bb align=\u00a0\u00bbcenter\u00a0\u00bb el_class=\u00a0\u00bbtoday\u00a0\u00bb]Expert en agriculture biologique depuis 1992[\/mk_fancy_title][\/vc_column_inner][vc_column_inner width=\u00a0\u00bb1\/6&Prime;][\/vc_column_inner][\/vc_row_inner][\/vc_column][\/mk_page_section][mk_page_section [&hellip;]<\/p>\n","protected":false},"author":7,"featured_media":0,"parent":0,"menu_order":0,"comment_status":"closed","ping_status":"open","template":"","meta":{"footnotes":""},"class_list":["post-22080","page","type-page","status-publish","hentry"],"_links":{"self":[{"href":"https:\/\/bionest.es\/fr\/wp-json\/wp\/v2\/pages\/22080","targetHints":{"allow":["GET"]}}],"collection":[{"href":"https:\/\/bionest.es\/fr\/wp-json\/wp\/v2\/pages"}],"about":[{"href":"https:\/\/bionest.es\/fr\/wp-json\/wp\/v2\/types\/page"}],"author":[{"embeddable":true,"href":"https:\/\/bionest.es\/fr\/wp-json\/wp\/v2\/users\/7"}],"replies":[{"embeddable":true,"href":"https:\/\/bionest.es\/fr\/wp-json\/wp\/v2\/comments?post=22080"}],"version-history":[{"count":0,"href":"https:\/\/bionest.es\/fr\/wp-json\/wp\/v2\/pages\/22080\/revisions"}],"wp:attachment":[{"href":"https:\/\/bionest.es\/fr\/wp-json\/wp\/v2\/media?parent=22080"}],"curies":[{"name":"wp","href":"https:\/\/api.w.org\/{rel}","templated":true}]}}