{"id":992,"date":"2018-04-26T10:35:26","date_gmt":"2018-04-26T10:35:26","guid":{"rendered":"http:\/\/bionest.es\/?page_id=992"},"modified":"2023-01-27T11:27:08","modified_gmt":"2023-01-27T10:27:08","slug":"industrie","status":"publish","type":"page","link":"https:\/\/bionest.es\/de\/industrie\/","title":{"rendered":"Industrie"},"content":{"rendered":"<div class=\"wpb-content-wrapper\">[mk_page_section bg_image=&#8220;http:\/\/bionest.es\/wp-content\/uploads\/2017\/09\/bionest-industria-slider.jpg&#8220; bg_position=&#8220;center bottom&#8220; bg_repeat=&#8220;no-repeat&#8220; bg_stretch=&#8220;true&#8220; top_shadow=&#8220;true&#8220; min_height=&#8220;400&#8243; js_vertical_centered=&#8220;true&#8220; padding_top=&#8220;50&#8243; padding_bottom=&#8220;50&#8243; visibility=&#8220;hidden-sm&#8220; sidebar=&#8220;sidebar-1&#8243;][vc_column][mk_image src=&#8220;http:\/\/bionest.es\/wp-content\/uploads\/2018\/05\/green-flag-fr.png&#8220; image_size=&#8220;full&#8220;][\/vc_column][\/mk_page_section][mk_page_section bg_image=&#8220;http:\/\/bionest.es\/wp-content\/uploads\/2017\/09\/bionest-industria-fondo-1.jpg&#8220; bg_color=&#8220;#134f10&#8243; bg_position=&#8220;center bottom&#8220; bg_repeat=&#8220;no-repeat&#8220; bg_stretch=&#8220;true&#8220; top_shadow=&#8220;true&#8220; min_height=&#8220;200&#8243; js_vertical_centered=&#8220;true&#8220; padding_top=&#8220;100&#8243; padding_bottom=&#8220;50&#8243; sidebar=&#8220;sidebar-1&#8243;][vc_column][mk_fancy_title tag_name=&#8220;h1&#8243; color=&#8220;#ffffff&#8220; size=&#8220;100&#8243; force_font_size=&#8220;true&#8220; size_tablet=&#8220;90&#8243; size_phone=&#8220;80&#8243; line_height=&#8220;80&#8243; margin_bottom=&#8220;0&#8243; font_family=&#8220;none&#8220; align=&#8220;center&#8220; el_class=&#8220;just&#8220;]Bio-Produkte f\u00fcr die Industrie[\/mk_fancy_title][vc_row_inner][vc_column_inner width=&#8220;1\/6&#8243;][\/vc_column_inner][vc_column_inner width=&#8220;2\/3&#8243;][vc_column_text align=&#8220;center&#8220; margin_bottom=&#8220;20&#8243; el_class=&#8220;today&#8220; css=&#8220;.vc_custom_1524739026609{margin-bottom: 0px !important;}&#8220;]<span class=\"subtitulo-titulares blanco\">Bionest ist der gr\u00f6\u00dfte spanische Hersteller von Bio-Erdbeeren; wir produzieren auch Himbeeren, Heidelbeeren und Brombeeren, sowohl gefrorene IQF als auch zu P\u00fcrees und aseptischen Verpackungen verarbeitet.<\/span><\/p>\n<p><span class=\"blanco\">Bio-Produkte f\u00fcr die Beeren-Industrie. Unser Hauptziel ist es, sowohl unsere Mitarbeiter als auch unsere Kunden zu unterst\u00fctzen und an der Spitze unserer Industrieproduktion zu stehen. Wir sind Bio-zertifiziert, nach strengen Qualit\u00e4tsstandards, die es uns erm\u00f6glichen, unsere T\u00e4tigkeit verantwortungsvoll und nachhaltig zu entwickeln; dar\u00fcber hinaus unterliegen wir der aktuellen Gesetzgebung f\u00fcr Babynahrung.<\/span><\/p>\n<p><span class=\"blanco\">Unser R\u00fcckverfolgbarkeitsprogramm \u00fcberwacht den gesamten Prozess vom Ursprung der Anlage an mit Hilfe eines Identifikationssystems, das uns Informationen \u00fcber den gesamten Prozess liefert.<\/span>[\/vc_column_text][\/vc_column_inner][vc_column_inner width=&#8220;1\/6&#8243;][\/vc_column_inner][\/vc_row_inner][\/vc_column][\/mk_page_section][mk_page_section bg_image=&#8220;http:\/\/bionest.es\/wp-content\/uploads\/2017\/09\/bionest-industria-fondo-2.jpg&#8220; attachment=&#8220;fixed&#8220; bg_position=&#8220;center top&#8220; bg_repeat=&#8220;no-repeat&#8220; js_vertical_centered=&#8220;true&#8220; padding_top=&#8220;50&#8243; padding_bottom=&#8220;50&#8243; sidebar=&#8220;sidebar-1&#8243;][vc_column][mk_fancy_title color=&#8220;#c60001&#8243; size=&#8220;100&#8243; force_font_size=&#8220;true&#8220; size_tablet=&#8220;90&#8243; size_phone=&#8220;80&#8243; line_height=&#8220;80&#8243; margin_bottom=&#8220;0&#8243; font_family=&#8220;none&#8220; align=&#8220;center&#8220; el_class=&#8220;just&#8220;]Bio-Tiefk\u00fchlprodukte \/ IQF[\/mk_fancy_title][vc_column_text align=&#8220;center&#8220; margin_bottom=&#8220;20&#8243; el_class=&#8220;today&#8220; css=&#8220;.vc_custom_1524739117814{margin-bottom: 0px !important;}&#8220;]<span class=\"subtitulo-titulares\">Sauber, lose und tiefgek\u00fchlt<\/span><br \/>\nH\u00e4lt den ganzen Geschmack.[\/vc_column_text][vc_row_inner][vc_column_inner width=&#8220;2\/3&#8243;][vc_raw_html]JTNDaWZyYW1lJTIwd2lkdGglM0QlMjIxMDAlMjUlMjIlMjBoZWlnaHQlM0QlMjIzMTUlMjIlMjBzcmMlM0QlMjJodHRwcyUzQSUyRiUyRnd3dy55b3V0dWJlLmNvbSUyRmVtYmVkJTJGQXl1QW1XS3l3ZlUlM0ZyZWwlM0QwJTI2YW1wJTNCc2hvd2luZm8lM0QwJTIyJTIwZnJhbWVib3JkZXIlM0QlMjIwJTIyJTIwYWxsb3clM0QlMjJhdXRvcGxheSUzQiUyMGVuY3J5cHRlZC1tZWRpYSUyMiUyMGFsbG93ZnVsbHNjcmVlbiUzRSUzQyUyRmlmcmFtZSUzRQ==[\/vc_raw_html][\/vc_column_inner][vc_column_inner width=&#8220;1\/3&#8243;][mk_image src=&#8220;http:\/\/bionest.es\/wp-content\/uploads\/2018\/05\/green-flag-fr.png&#8220; image_size=&#8220;full&#8220; align=&#8220;center&#8220;][\/vc_column_inner][\/vc_row_inner][vc_column_text align=&#8220;center&#8220; margin_bottom=&#8220;20&#8243; el_class=&#8220;today&#8220; css=&#8220;.vc_custom_1524739255975{margin-bottom: 0px !important;}&#8220;]Wir setzen bei unseren Tiefk\u00fchlprodukten auf einen IQF-Tunnel, der den Gefrierprozess erheblich beschleunigt und die Gr\u00f6\u00dfe der in den Fr\u00fcchten gebildeten Eiskristalle reduziert und so die Sch\u00e4digung der Zellstruktur reduziert. Diese Umwandlung ist m\u00f6glich dank eines <strong>Luftstroms<\/strong> bei einer sehr niedrigen Temperatur, der bewirkt, dass jedes St\u00fcck Obst in der Luft schwebt und sehr schnell ein individuelles Einfrieren erreicht.<\/p>\n<p>Die N\u00e4he unseres <strong>IQF-Tunnels<\/strong> zu unseren <strong>Bio-Obstkulturen<\/strong> macht den Abbau der Fr\u00fcchte so gering wie m\u00f6glich, um eine sicherere, n\u00e4hrstoffreichere Frucht zu erhalten und den gesamten Geschmack und die Frische unserer Tiefk\u00fchlprodukte zu erhalten.[\/vc_column_text][\/vc_column][\/mk_page_section][mk_page_section bg_image=&#8220;http:\/\/bionest.es\/wp-content\/uploads\/2017\/09\/bionest-industria-fondo-4.jpg&#8220; border_color=&#8220;#e5e4df&#8220; bg_position=&#8220;center top&#8220; bg_repeat=&#8220;no-repeat&#8220; bg_stretch=&#8220;true&#8220; js_vertical_centered=&#8220;true&#8220; padding_top=&#8220;50&#8243; padding_bottom=&#8220;50&#8243; sidebar=&#8220;sidebar-1&#8243;][vc_column width=&#8220;2\/3&#8243;][mk_fancy_title color=&#8220;#c60001&#8243; size=&#8220;90&#8243; force_font_size=&#8220;true&#8220; size_tablet=&#8220;90&#8243; size_phone=&#8220;80&#8243; line_height=&#8220;80&#8243; margin_top=&#8220;20&#8243; margin_bottom=&#8220;0&#8243; font_family=&#8220;none&#8220; responsive_align=&#8220;left&#8220; el_class=&#8220;just&#8220;]Aseptic Puree[\/mk_fancy_title][vc_column_text margin_bottom=&#8220;20&#8243; el_class=&#8220;today&#8220; css=&#8220;.vc_custom_1524739368926{margin-bottom: 0px !important;}&#8220;]<span class=\"subtitulo-titulares\">Nat\u00fcrlich und sicher<\/span>[\/vc_column_text][vc_column_text margin_bottom=&#8220;20&#8243; el_class=&#8220;today&#8220; css=&#8220;.vc_custom_1524739384091{margin-bottom: 0px !important;}&#8220;]Dieser Prozess ist definiert als aseptisches Abf\u00fcllen von frischem Produkt in vorsterilisierte Beh\u00e4lter, gefolgt von der hermetischen Versiegelung der genannten Verpackung, um die Verschmutzung von Fruchtp\u00fcree zu vermeiden.<\/p>\n<p>Wir stellen einfache<strong> Fruchtp\u00fcrees<\/strong> her, ohne Kerne, die die ganzen Fr\u00fcchte durchsieben und sowohl den Saft als auch die Ballaststoffe gewinnen. Diese Produkte haben vielf\u00e4ltige Einsatzm\u00f6glichkeiten f\u00fcr die Industrie.<\/p>\n<p>Nach der Verarbeitung wird das aseptische P\u00fcree bei -18\u00b0C eingefroren, um seine nat\u00fcrliche Farbe zu sch\u00fctzen und eine Haltbarkeit von 24 Monaten zu erreichen.[\/vc_column_text][mk_button dimension=&#8220;outline&#8220; size=&#8220;medium&#8220; url=&#8220;https:\/\/bionest.es\/de\/aseptische-bio-purees\/&#8220; margin_bottom=&#8220;40&#8243; margin_right=&#8220;0&#8243; el_class=&#8220;today&#8220; outline_skin=&#8220;custom&#8220; outline_active_text_color=&#8220;#c60001&#8243; outline_hover_bg_color=&#8220;#c60001&#8243; outline_hover_color=&#8220;#ffffff&#8220;]Mehr Infos[\/mk_button][\/vc_column][vc_column width=&#8220;1\/3&#8243;][mk_image src=&#8220;http:\/\/bionest.es\/wp-content\/uploads\/2017\/09\/bionest-industria-pures.png&#8220; image_size=&#8220;full&#8220; align=&#8220;center&#8220; margin_bottom=&#8220;0&#8243;][\/vc_column][\/mk_page_section][mk_page_section bg_color=&#8220;#d33733&#8243; bg_position=&#8220;center center&#8220; bg_repeat=&#8220;no-repeat&#8220; speed_factor=&#8220;0.4&#8243; video_opacity=&#8220;0.3&#8243; js_vertical_centered=&#8220;true&#8220; padding_top=&#8220;50&#8243; padding_bottom=&#8220;50&#8243; sidebar=&#8220;sidebar-1&#8243;][vc_column][vc_row_inner][vc_column_inner offset=&#8220;vc_hidden-xs&#8220;][vc_column_text css=&#8220;.vc_custom_1674815204869{margin-bottom: 0px !important;}&#8220;]<div class=\"wp-block-image\">\n<figure class=\"aligncenter size-full\"><img loading=\"lazy\" decoding=\"async\" width=\"1921\" height=\"273\" src=\"https:\/\/bionest.es\/wp-content\/uploads\/2022\/11\/bionest-certificaciones-desktop.png\" alt=\"bionest-certificaciones-desktop\" class=\"wp-image-11923\" srcset=\"https:\/\/bionest.es\/wp-content\/uploads\/2022\/11\/bionest-certificaciones-desktop.png 1921w, https:\/\/bionest.es\/wp-content\/uploads\/2022\/11\/bionest-certificaciones-desktop-300x43.png 300w, https:\/\/bionest.es\/wp-content\/uploads\/2022\/11\/bionest-certificaciones-desktop-1024x146.png 1024w, https:\/\/bionest.es\/wp-content\/uploads\/2022\/11\/bionest-certificaciones-desktop-768x109.png 768w\" sizes=\"auto, (max-width: 1921px) 100vw, 1921px\" \/><\/figure>\n<\/div>[\/vc_column_text][\/vc_column_inner][\/vc_row_inner][vc_row_inner][vc_column_inner offset=&#8220;vc_hidden-lg vc_hidden-md vc_hidden-sm&#8220;][vc_column_text css=&#8220;.vc_custom_1674815213004{margin-bottom: 0px !important;}&#8220;]<div class=\"wp-block-image\">\n<figure class=\"aligncenter size-full\"><img loading=\"lazy\" decoding=\"async\" width=\"1044\" height=\"515\" src=\"https:\/\/bionest.es\/wp-content\/uploads\/2022\/11\/certificaciones-bionest-mobile.png\" alt=\"certificaciones-bionest\" class=\"wp-image-11808\" srcset=\"https:\/\/bionest.es\/wp-content\/uploads\/2022\/11\/certificaciones-bionest-mobile.png 1044w, https:\/\/bionest.es\/wp-content\/uploads\/2022\/11\/certificaciones-bionest-mobile-300x148.png 300w, https:\/\/bionest.es\/wp-content\/uploads\/2022\/11\/certificaciones-bionest-mobile-1024x505.png 1024w, https:\/\/bionest.es\/wp-content\/uploads\/2022\/11\/certificaciones-bionest-mobile-768x379.png 768w\" sizes=\"auto, (max-width: 1044px) 100vw, 1044px\" \/><\/figure>\n<\/div>[\/vc_column_text][\/vc_column_inner][\/vc_row_inner][\/vc_column][\/mk_page_section][mk_page_section bg_image=&#8220;http:\/\/bionest.es\/wp-content\/uploads\/2017\/09\/bionest-industria-fondo-5.jpg&#8220; bg_position=&#8220;center center&#8220; bg_stretch=&#8220;true&#8220; video_color_mask=&#8220;#000000&#8243; video_opacity=&#8220;0.3&#8243; top_shadow=&#8220;true&#8220; js_vertical_centered=&#8220;true&#8220; padding_top=&#8220;150&#8243; padding_bottom=&#8220;100&#8243; sidebar=&#8220;sidebar-1&#8243;][vc_column][mk_fancy_title color=&#8220;#ffffff&#8220; size=&#8220;105&#8243; force_font_size=&#8220;true&#8220; size_tablet=&#8220;80&#8243; size_phone=&#8220;70&#8243; line_height=&#8220;80&#8243; margin_bottom=&#8220;0&#8243; font_family=&#8220;none&#8220; align=&#8220;center&#8220; el_class=&#8220;just&#8220;]Beeren, ein k\u00f6stlicher Geschmack der Natur[\/mk_fancy_title][vc_row_inner][vc_column_inner width=&#8220;1\/6&#8243;][\/vc_column_inner][vc_column_inner width=&#8220;2\/3&#8243;][vc_column_text align=&#8220;center&#8220; margin_bottom=&#8220;20&#8243; el_class=&#8220;today&#8220; css=&#8220;.vc_custom_1524739554305{margin-bottom: 0px !important;}&#8220;]<span class=\"subtitulo-titulares blanco\">Der traditionelle Geschmack<\/span><br \/>\n<span class=\"blanco\">Unsere biologischen Anbaumethoden, die zu 100% umweltschonend sind, erm\u00f6glichen es uns, den Geschmack unserer Region zu bewahren.<\/span>[\/vc_column_text][\/vc_column_inner][vc_column_inner width=&#8220;1\/6&#8243;][\/vc_column_inner][\/vc_row_inner][\/vc_column][\/mk_page_section]\n<\/div>","protected":false},"excerpt":{"rendered":"<p>[mk_page_section bg_image=&#8220;http:\/\/bionest.es\/wp-content\/uploads\/2017\/09\/bionest-industria-slider.jpg&#8220; bg_position=&#8220;center bottom&#8220; bg_repeat=&#8220;no-repeat&#8220; bg_stretch=&#8220;true&#8220; top_shadow=&#8220;true&#8220; min_height=&#8220;400&#8243; js_vertical_centered=&#8220;true&#8220; padding_top=&#8220;50&#8243; padding_bottom=&#8220;50&#8243; visibility=&#8220;hidden-sm&#8220; sidebar=&#8220;sidebar-1&#8243;][vc_column][mk_image src=&#8220;http:\/\/bionest.es\/wp-content\/uploads\/2018\/05\/green-flag-fr.png&#8220; image_size=&#8220;full&#8220;][\/vc_column][\/mk_page_section][mk_page_section bg_image=&#8220;http:\/\/bionest.es\/wp-content\/uploads\/2017\/09\/bionest-industria-fondo-1.jpg&#8220; bg_color=&#8220;#134f10&#8243; bg_position=&#8220;center bottom&#8220; bg_repeat=&#8220;no-repeat&#8220; bg_stretch=&#8220;true&#8220; top_shadow=&#8220;true&#8220; min_height=&#8220;200&#8243; js_vertical_centered=&#8220;true&#8220; padding_top=&#8220;100&#8243; padding_bottom=&#8220;50&#8243; sidebar=&#8220;sidebar-1&#8243;][vc_column][mk_fancy_title tag_name=&#8220;h1&#8243; color=&#8220;#ffffff&#8220; size=&#8220;100&#8243; force_font_size=&#8220;true&#8220; size_tablet=&#8220;90&#8243; size_phone=&#8220;80&#8243; line_height=&#8220;80&#8243; margin_bottom=&#8220;0&#8243; font_family=&#8220;none&#8220; align=&#8220;center&#8220; el_class=&#8220;just&#8220;]Bio-Produkte f\u00fcr die Industrie[\/mk_fancy_title][vc_row_inner][vc_column_inner width=&#8220;1\/6&#8243;][\/vc_column_inner][vc_column_inner width=&#8220;2\/3&#8243;][vc_column_text align=&#8220;center&#8220; margin_bottom=&#8220;20&#8243; el_class=&#8220;today&#8220; css=&#8220;.vc_custom_1524739026609{margin-bottom: 0px !important;}&#8220;]Bionest ist der gr\u00f6\u00dfte spanische Hersteller von [&hellip;]<\/p>\n","protected":false},"author":3,"featured_media":15942,"parent":0,"menu_order":0,"comment_status":"closed","ping_status":"open","template":"","meta":{"footnotes":""},"class_list":["post-992","page","type-page","status-publish","has-post-thumbnail","hentry"],"_links":{"self":[{"href":"https:\/\/bionest.es\/de\/wp-json\/wp\/v2\/pages\/992","targetHints":{"allow":["GET"]}}],"collection":[{"href":"https:\/\/bionest.es\/de\/wp-json\/wp\/v2\/pages"}],"about":[{"href":"https:\/\/bionest.es\/de\/wp-json\/wp\/v2\/types\/page"}],"author":[{"embeddable":true,"href":"https:\/\/bionest.es\/de\/wp-json\/wp\/v2\/users\/3"}],"replies":[{"embeddable":true,"href":"https:\/\/bionest.es\/de\/wp-json\/wp\/v2\/comments?post=992"}],"version-history":[{"count":0,"href":"https:\/\/bionest.es\/de\/wp-json\/wp\/v2\/pages\/992\/revisions"}],"wp:featuredmedia":[{"embeddable":true,"href":"https:\/\/bionest.es\/de\/wp-json\/wp\/v2\/media\/15942"}],"wp:attachment":[{"href":"https:\/\/bionest.es\/de\/wp-json\/wp\/v2\/media?parent=992"}],"curies":[{"name":"wp","href":"https:\/\/api.w.org\/{rel}","templated":true}]}}