{"id":4476,"date":"2020-05-18T11:28:50","date_gmt":"2020-05-18T09:28:50","guid":{"rendered":"https:\/\/bionest.es\/?page_id=4476"},"modified":"2021-03-25T09:47:39","modified_gmt":"2021-03-25T08:47:39","slug":"richtlinien-ueber-soziale-netzwerke","status":"publish","type":"page","link":"https:\/\/bionest.es\/de\/richtlinien-ueber-soziale-netzwerke\/","title":{"rendered":"Richtlinien \u00fcber soziale netzwerke"},"content":{"rendered":"<h1><b>RICHTLINIEN \u00dcBER SOZIALE NETZWERKE<\/b><\/h1>\n<ol>\n<li><b> Informationen \u00fcber den Verantwortlichen f\u00fcr die Verarbeitung der Daten im sozialen Netzwerk, die auf der offiziellen Website der S.A.T. N. H-0023 BERRYNEST gehostet werden.<\/b><\/li>\n<\/ol>\n<p><span style=\"font-weight: 400;\">In \u00dcbereinstimmung mit der Informationspflicht, die in der Rahmenverordnung der Europ\u00e4ischen Union \u00fcber allgemeine Daten vom 27. April 2016 (2016\/679) festgelegt ist, informiert <\/span><b>S.A.T. N. H-0023 BERRYNEST,<\/b><span style=\"font-weight: 400;\"> im Folgenden die VERANTWORTLICHE PARTEI, die Nutzer dieses sozialen Netzwerks \u00fcber die Politik bez\u00fcglich der Behandlung und des Schutzes der pers\u00f6nlichen Daten derjenigen, die freiwillig auf die offizielle Website der VERANTWORTLICHEN PARTEI zugreifen und diese nutzen. Der Zugang und die Nutzung dieser offiziellen Seite, die der VERANTWORTLICHEN PARTEI geh\u00f6rt, durch den Benutzer bedeutet, dass Sie diese Datenschutzerkl\u00e4rung ausdr\u00fccklich akzeptieren und dass Sie der Verarbeitung Ihrer pers\u00f6nlichen Daten, wie sie darin vorgesehen ist, zustimmen.<\/span><\/p>\n<ol start=\"2\">\n<li><b> Daten von Minderj\u00e4hrigen oder Personen ohne Rechtsf\u00e4higkeit<\/b><\/li>\n<\/ol>\n<p><span style=\"font-weight: 400;\">Der Zugang und die Registrierung in diesem sozialen Netzwerk sowie der Zugang und die Nutzung der offiziellen Website von DER VERANTWORTLICHEN PARTEI ist Kindern unter vierzehn (14) Jahren verboten.<\/span><\/p>\n<p><span style=\"font-weight: 400;\">Wenn der Benutzer nicht in der Lage ist, warnt DIE VERANTWORTLICHE PARTEI, dass sie f\u00fcr den Zugang und die Nutzung dieser offiziellen Seite der VERANTWORTLICHEN PARTEI die Zustimmung des gesetzlichen Vertreters des Benutzers oder die Zustimmung des Inhabers der Elternrechte oder der Vormundschaft des Benutzers ben\u00f6tigt.<\/span><\/p>\n<p><span style=\"font-weight: 400;\">DIE VERANTWORTLICHE PARTEI wird ausdr\u00fccklich von jeglicher Haftung befreit, die sich aus der Nutzung ihrer offiziellen Website durch Minderj\u00e4hrige oder durch nicht gesch\u00e4ftsf\u00e4hige Personen ergibt; ihre gesetzlichen Vertreter sind in jedem Fall verantwortlich.<\/span><\/p>\n<ol start=\"3\">\n<li><b> Identifizierung des Handelsnamens der VERANTWORTLICHEN PARTEI, der f\u00fcr die Akte verantwortlich ist<\/b><\/li>\n<\/ol>\n<p><span style=\"font-weight: 400;\">Der Benutzer wird dar\u00fcber informiert, dass DIE VERANTWORTLICHE PARTEI, mit Sitz in CTRA. NAC. A-483 KM 22,5. CP: 21730 ALMONTE (HUELVA), ist verantwortlich f\u00fcr die<\/span><\/p>\n<p><span style=\"font-weight: 400;\">Dateien und Behandlungen, durch die die pers\u00f6nlichen Daten des Benutzers gesammelt und gespeichert werden, als Ergebnis der Registrierung und Nutzung der offiziellen <\/span><b>S.A.T. N. H-0023 BERRYNEST<\/b><span style=\"font-weight: 400;\"> in diesem sozialen Netzwerk, unbeschadet der Behandlungen, f\u00fcr die der Eigent\u00fcmer des sozialen Netzwerks, in dem sich unsere offizielle Website befindet, verantwortlich ist.<\/span><\/p>\n<ol start=\"4\">\n<li><b> Zwecke der pers\u00f6nlichen Daten, Informationen und Zustimmung<\/b><\/li>\n<\/ol>\n<p><span style=\"font-weight: 400;\">Die pers\u00f6nlichen Daten, die der Benutzer der VERANTWORTLICHEN PARTEI freiwillig \u00fcber ihre offizielle Website zur Verf\u00fcgung stellt, sind Teil einer Datenverarbeitung, von der <\/span><b>S.A.T. N. H-0023 BERRYNEST<\/b><span style=\"font-weight: 400;\"> ist verantwortlich, um Informationen der VERANTWORTLICHEN PARTEI per E-Mail, Fax, SMS, MMS, sozialen Gemeinschaften oder anderen elektronischen oder physischen Mitteln, die gegenw\u00e4rtig oder in Zukunft eine kommerzielle Kommunikation erm\u00f6glichen, anzubieten, Newsletter an Abonnenten zu versenden, Informationen mit der VERANTWORTLICHEN PARTEI und anderen Nutzern auszutauschen, sowie die Kommunikation mit Dritten herzustellen.<\/span><\/p>\n<p><span style=\"font-weight: 400;\">Von dem Moment an, in dem der Benutzer diese Seite benutzt, gibt er seine freie, eindeutige, spezifische, informierte und ausdr\u00fcckliche Zustimmung zur Verarbeitung seiner pers\u00f6nlichen Daten durch DIE VERANTWORTLICHE PARTEI, um die korrekte Bereitstellung der Dienstleistungen gem\u00e4\u00df den Bestimmungen dieser Politik zu gew\u00e4hrleisten.<\/span><\/p>\n<p><span style=\"font-weight: 400;\">Dem Benutzer steht es frei, in diesem sozialen Netzwerk die offizielle Website der VERANTWORTLICHEN PARTEI zu nutzen. Sollte der Benutzer mit der Verarbeitung seiner Daten f\u00fcr solche Zwecke nicht einverstanden sein, darf er diese nicht verwenden oder seine pers\u00f6nlichen Daten nicht zur Verf\u00fcgung stellen.<\/span><\/p>\n<p><span style=\"font-weight: 400;\">\u00dcber diese offizielle Seite der VERANTWORTLICHEN PARTEI kann der Benutzer Texte, Fotos, Videos und andere Informationen oder Inhalte austauschen, die sowohl dieser Richtlinie als auch den Allgemeinen Gesch\u00e4ftsbedingungen der Plattform unterliegen. Der Benutzer muss sicherstellen, dass alle von ihm ver\u00f6ffentlichten Inhalte der geltenden Gesetzgebung, dieser Richtlinie und den Allgemeinen Gesch\u00e4ftsbedingungen der Plattform entsprechen und diese respektieren.<\/span><\/p>\n<p><span style=\"font-weight: 400;\">Der Benutzer darf auf dieser offiziellen Seite der VERANTWORTLICHEN PARTEI nur pers\u00f6nliche Daten, Fotos und Informationen oder andere Inhalte ver\u00f6ffentlichen, deren Eigentum ihm geh\u00f6rt oder f\u00fcr die er die Genehmigung von Dritten besitzt.<\/span><\/p>\n<p><span style=\"font-weight: 400;\">DIE VERANTWORTLICHE PARTEI hat das Recht, von dieser offiziellen Seite (einseitig und ohne vorherige Mitteilung oder Genehmigung des Nutzers) alle vom Nutzer ver\u00f6ffentlichten Inhalte zu entfernen, wenn sie gegen die geltende Gesetzgebung, die in dieser Richtlinie festgelegten Bestimmungen und die Allgemeinen Gesch\u00e4ftsbedingungen der Plattform versto\u00dfen.<\/span><\/p>\n<ol start=\"5\">\n<li><b> Identifizierung der Empf\u00e4nger, an die die VERANTWORTLICHE PARTEI beabsichtigt, Daten zu \u00fcbertragen oder zu kommunizieren.<\/b><\/li>\n<\/ol>\n<p><span style=\"font-weight: 400;\">Der Benutzer wird darauf hingewiesen, dass alle Informationen und Inhalte, die auf der offiziellen Website von <\/span><b>S.A.T. N. H-0023 BERRYNEST<\/b><span style=\"font-weight: 400;\"> im sozialen Netzwerk ver\u00f6ffentlicht werden, den \u00fcbrigen Benutzern der offiziellen Website und der Plattform dieses sozialen Netzwerks bekannt sein k\u00f6nnen. Folglich k\u00f6nnen alle Informationen und Inhalte, die der Benutzer auf der offiziellen Seite der VERANTWORTLICHEN PARTEI in diesem sozialen Netzwerk ver\u00f6ffentlicht, aufgrund der Art des Dienstes selbst, an den Rest der Benutzer weitergegeben werden.\u00a0<\/span><\/p>\n<p><span style=\"font-weight: 400;\">DIE VERANTWORTLICHE PARTEI plant nur Daten zu \u00fcbertragen oder zu \u00fcbermitteln, die gem\u00e4\u00df den geltenden Vorschriften an Richter, Gerichte, \u00f6ffentliche Verwaltungen und zust\u00e4ndige Verwaltungsbeh\u00f6rden \u00fcbergeben werden m\u00fcssen.<\/span><\/p>\n<ol start=\"6\">\n<li><b> Andere Drittanbieter von Dienstleistungen<\/b><\/li>\n<\/ol>\n<p><b>S.A.T. N. H-0023 BERRYNEST<\/b><span style=\"font-weight: 400;\"> weist den Benutzer darauf hin, dass diese Einrichtung nur f\u00fcr die pers\u00f6nlichen Daten, die vom Benutzer \u00fcber diese offizielle Seite dieses sozialen Netzwerks gesammelt werden, verantwortlich ist und die Vertraulichkeit, Sicherheit und Behandlung der Daten gem\u00e4\u00df dieser Politik garantiert, wobei sie keinerlei Verantwortung f\u00fcr die Behandlung und die anschlie\u00dfende Verwendung der pers\u00f6nlichen Daten tr\u00e4gt, die sowohl vom Eigent\u00fcmer des sozialen Netzwerks als auch von dritten Dienstleistern der Informationsgesellschaft vorgenommen werden k\u00f6nnten, die aufgrund der Bereitstellung ihrer Dienstleistungen oder f\u00fcr die Aus\u00fcbung ihrer T\u00e4tigkeit auf die Daten zugreifen k\u00f6nnten, noch von den Dritten, die die Benutzer, die mit dieser offiziellen Website durch Hyperlinks verbunden sind, verweisen.<\/span><\/p>\n<ol start=\"7\">\n<li><b> Die Datenqualit\u00e4t<\/b><\/li>\n<\/ol>\n<p><b>S.A.T. N. H-0023 BERRYNEST<\/b><span style=\"font-weight: 400;\"> warnt den Benutzer, dass, abgesehen von der Existenz einer rechtm\u00e4\u00dfig konstituierten Vertretung, kein Benutzer die Identit\u00e4t einer anderen Person nutzen und deren pers\u00f6nliche Daten mitteilen kann. Daher muss der Benutzer jederzeit ber\u00fccksichtigen, dass nur er pers\u00f6nliche Daten angeben kann, die seiner eigenen Identit\u00e4t entsprechen, und dass die Informationen angemessen, relevant, aktuell, genau und wahr sind. In jedem Fall muss der Nutzer die Privatsph\u00e4re Dritter respektieren, unabh\u00e4ngig davon, ob sie Nutzer des sozialen Netzwerks oder der offiziellen Website des VERANTWORTLICHEN TEILNEHMERS im sozialen Netzwerk sind oder nicht.<\/span><\/p>\n<ol start=\"8\">\n<li><b> Rechte der interessierten Partei:<\/b><\/li>\n<\/ol>\n<ul>\n<li style=\"font-weight: 400;\"><span style=\"font-weight: 400;\">Recht, die Zustimmung jederzeit zu widerrufen.<\/span><\/li>\n<li style=\"font-weight: 400;\"><span style=\"font-weight: 400;\">Recht auf Zugang, Berichtigung, \u00dcbertragbarkeit und L\u00f6schung seiner Daten und Recht auf Einschr\u00e4nkung oder Widerspruch gegen seine Verarbeitung.<\/span><\/li>\n<li style=\"font-weight: 400;\"><span style=\"font-weight: 400;\">Recht auf Einreichung einer Klage bei der Kontrollstelle (www.aepd.es), wenn die betroffene Partei der Ansicht ist, dass die Behandlung nicht den geltenden Vorschriften entspricht.<\/span><\/li>\n<\/ul>\n<ol start=\"9\">\n<li><b> Andere Informationen von Interesse<\/b><\/li>\n<\/ol>\n<p><span style=\"font-weight: 400;\">DIE VERANTWORTLICHE PARTEI kann diese Richtlinie jederzeit \u00e4ndern oder ersetzen, die je nach Fall die aktuell ver\u00f6ffentlichte Richtlinie ersetzt, erg\u00e4nzt oder modifiziert. Daher muss der Benutzer regelm\u00e4\u00dfig auf diese Richtlinie zugreifen, um sich auf dem neuesten Stand zu halten.<\/span><\/p>\n<p><span style=\"font-weight: 400;\">Der Benutzer kann mit der VERANTWORTLICHEN PARTEI \u00fcber den internen Nachrichtendienst des sozialen Netzwerks oder \u00fcber die folgenden Adressen und Kontaktinformationen kommunizieren:<\/span><\/p>\n<ul>\n<li><b>S.A.T. N. H-0023 BEERENNEST<\/b><\/li>\n<li><span style=\"font-weight: 400;\">CTRA. NAC. A-483 KM 22,5. CP: 21730 ALMONTE (HUELVA)<\/span><\/li>\n<li><span style=\"font-weight: 400;\">E-Mail-Adresse: <\/span><a href=\"mailto:bionest@bionest.es\" target=\"_blank\" rel=\"noopener noreferrer\"><span style=\"font-weight: 400;\">bionest@bionest.es<\/span><\/a><\/li>\n<\/ul>\n<p><span style=\"font-weight: 400;\">Dar\u00fcber hinaus kann der Benutzer die Nutzungsbedingungen sowie die Richtlinien f\u00fcr die Nutzung des sozialen Netzwerks einsehen.\u00a0<\/span><\/p>\n<p>&nbsp;<\/p>\n","protected":false},"excerpt":{"rendered":"<p>RICHTLINIEN \u00dcBER SOZIALE NETZWERKE Informationen \u00fcber den Verantwortlichen f\u00fcr die Verarbeitung der Daten im sozialen Netzwerk, die auf der offiziellen Website der S.A.T. N. H-0023 BERRYNEST gehostet werden. In \u00dcbereinstimmung mit der Informationspflicht, die in der Rahmenverordnung der Europ\u00e4ischen Union \u00fcber allgemeine Daten vom 27. April 2016 (2016\/679) festgelegt ist, informiert S.A.T. N. H-0023 BERRYNEST, [&hellip;]<\/p>\n","protected":false},"author":7,"featured_media":0,"parent":0,"menu_order":0,"comment_status":"closed","ping_status":"open","template":"","meta":{"footnotes":""},"class_list":["post-4476","page","type-page","status-publish","hentry"],"_links":{"self":[{"href":"https:\/\/bionest.es\/de\/wp-json\/wp\/v2\/pages\/4476","targetHints":{"allow":["GET"]}}],"collection":[{"href":"https:\/\/bionest.es\/de\/wp-json\/wp\/v2\/pages"}],"about":[{"href":"https:\/\/bionest.es\/de\/wp-json\/wp\/v2\/types\/page"}],"author":[{"embeddable":true,"href":"https:\/\/bionest.es\/de\/wp-json\/wp\/v2\/users\/7"}],"replies":[{"embeddable":true,"href":"https:\/\/bionest.es\/de\/wp-json\/wp\/v2\/comments?post=4476"}],"version-history":[{"count":0,"href":"https:\/\/bionest.es\/de\/wp-json\/wp\/v2\/pages\/4476\/revisions"}],"wp:attachment":[{"href":"https:\/\/bionest.es\/de\/wp-json\/wp\/v2\/media?parent=4476"}],"curies":[{"name":"wp","href":"https:\/\/api.w.org\/{rel}","templated":true}]}}