{"id":4463,"date":"2020-05-18T10:23:56","date_gmt":"2020-05-18T08:23:56","guid":{"rendered":"https:\/\/bionest.es\/?page_id=4463"},"modified":"2021-03-25T09:40:44","modified_gmt":"2021-03-25T08:40:44","slug":"cookie-richtlinien","status":"publish","type":"page","link":"https:\/\/bionest.es\/de\/cookie-richtlinien\/","title":{"rendered":"Cookie Richtlinien"},"content":{"rendered":"<h1><b>COOKIE RICHTLINIEN<\/b><\/h1>\n<ol>\n<li><b> Definition von Cookies<\/b><\/li>\n<\/ol>\n<p><span style=\"font-weight: 400;\">Ein Cookie ist eine Datei, die beim Zugriff auf bestimmte Webseiten auf Ihren Computer heruntergeladen wird. Mithilfe von Cookies kann eine Webseite unter anderem Informationen \u00fcber die Surfgewohnheiten eines Benutzers oder \u00fcber die Surfgewohnheiten seiner Hardware speichern und abrufen und je nach den darin enthaltenen Informationen und der Art und Weise, wie das Ger\u00e4t genutzt wird, kann es zur Erkennung des Benutzers verwendet werden.<\/span><\/p>\n<ol start=\"2\">\n<li><b> Rechte der Empf\u00e4nger von Dienstleistungen<\/b><\/li>\n<\/ol>\n<p><span style=\"font-weight: 400;\">In \u00dcbereinstimmung mit dem Gesetz 34\/2002 \u00fcber die Dienste der Informationsgesellschaft und den elektronischen Handel (LSSICE f\u00fcr das Akronym auf Spanisch) ist der VERANTWORTLICHE TEIL verpflichtet, die ausdr\u00fcckliche Zustimmung des Benutzers aller Websites einzuholen, die analytische Cookies und Cookies f\u00fcr Werbung und Zugeh\u00f6rigkeit verwenden.<\/span><\/p>\n<p><span style=\"font-weight: 400;\">Cookies, deren einziger Zweck darin besteht, die Kommunikation zwischen den Ger\u00e4ten des Benutzers und dem Netzwerk zu erm\u00f6glichen (technische Cookies) oder die ausschlie\u00dflich dazu dienen, eine vom Benutzer ausdr\u00fccklich gew\u00fcnschte Dienstleistung zu erbringen, sind von dieser Verpflichtung ausgenommen.<\/span><\/p>\n<ol start=\"3\">\n<li><b> Arten von Cookies<\/b><\/li>\n<\/ol>\n<p><i><span style=\"font-weight: 400;\">Entsprechend der Entit\u00e4t, die die Cookies verwaltet:<\/span><\/i><\/p>\n<ul>\n<li style=\"font-weight: 400;\"><span style=\"font-weight: 400;\">Eigene Cookies: solche, die von einem vom Herausgeber selbst verwalteten Computer oder einer Dom\u00e4ne, von der aus die vom Benutzer angeforderte Dienstleistung erbracht wird, an das Endger\u00e4t des Benutzers gesendet werden.<\/span><\/li>\n<li style=\"font-weight: 400;\"><span style=\"font-weight: 400;\">Cookies von Dritten: diejenigen, die von einem Computer oder einer Dom\u00e4ne, die nicht vom Herausgeber verwaltet wird, sondern von einer anderen Einheit, die die durch Cookies erhaltenen Daten verarbeitet, an das Endger\u00e4t des Benutzers gesendet werden.<\/span><\/li>\n<\/ul>\n<p><i><span style=\"font-weight: 400;\">Je nach dem Zeitraum, in dem Cookies aktiviert bleiben:<\/span><\/i><\/p>\n<ul>\n<li style=\"font-weight: 400;\"><span style=\"font-weight: 400;\">Session-Cookies: Sie sind eine Art von Cookies, die dazu dienen, Daten zu sammeln und zu speichern, w\u00e4hrend der Benutzer auf eine Webseite zugreift. Sie werden in der Regel verwendet, um Informationen zu speichern, die f\u00fcr die Bereitstellung der vom Benutzer gew\u00fcnschten Dienstleistung bei einer einzigen Gelegenheit gepflegt werden m\u00fcssen.<\/span><\/li>\n<li style=\"font-weight: 400;\"><span style=\"font-weight: 400;\">Persistente Cookies: Es handelt sich um eine Art von Cookies, bei denen die Daten noch im Terminal gespeichert sind und w\u00e4hrend eines vom verantwortlichen Cookie festgelegten Zeitraums abgerufen und verarbeitet werden k\u00f6nnen. Der Zeitraum kann von wenigen Minuten bis zu mehreren Jahren reichen.<\/span><\/li>\n<\/ul>\n<p><i><span style=\"font-weight: 400;\">Entsprechend seinem Zweck:<\/span><\/i><\/p>\n<ul>\n<li style=\"font-weight: 400;\"><span style=\"font-weight: 400;\">Technische Cookies: solche, die es dem Benutzer erm\u00f6glichen, durch eine Website, Plattform oder Anwendung zu navigieren und die Nutzung verschiedener Optionen oder Dienste, die darin vorhanden sind, zu nutzen.<\/span><\/li>\n<li style=\"font-weight: 400;\"><span style=\"font-weight: 400;\">Personalisierte Cookies: solche, die es dem Benutzer erm\u00f6glichen, auf den Dienst mit einigen vordefinierten allgemeinen Merkmalen zuzugreifen, die auf einer Reihe von Kriterien im Terminal des Benutzers basieren (Sprache, Art des Browsers, \u00fcber den auf den Dienst zugegriffen wird, regionale Einstellungen usw.).<\/span><\/li>\n<li style=\"font-weight: 400;\"><span style=\"font-weight: 400;\">Analyse-Cookies: solche, die es dem Verantwortlichen erm\u00f6glichen, das Verhalten der Benutzer der Websites, mit denen sie verbunden sind, zu verfolgen und zu analysieren (Messung der Aktivit\u00e4t, Erstellung von Navigationsprofilen der Benutzer usw., um Verbesserungen auf der Grundlage der Analyse der Nutzungsdaten der Benutzer des Dienstes einzuf\u00fchren).<\/span><\/li>\n<li style=\"font-weight: 400;\"><span style=\"font-weight: 400;\">Werbe-Cookies: solche, die es erm\u00f6glichen, die Werbefl\u00e4chen, die der Herausgeber in die Website, Anwendung oder Plattform, von der aus er die gew\u00fcnschte Dienstleistung anbietet, aufgenommen hat, auf m\u00f6glichst effiziente Weise zu verwalten, und zwar auf der Grundlage von Kriterien wie dem redaktionellen Inhalt oder der H\u00e4ufigkeit der Einblendung von Anzeigen.<\/span><\/li>\n<li style=\"font-weight: 400;\"><span style=\"font-weight: 400;\">Verhaltensbasierte Werbe-Cookies: Werbe-Cookies, die Informationen \u00fcber das Verhalten der Benutzer speichern, die durch die kontinuierliche Beobachtung ihrer Surfgewohnheiten gewonnen werden, um ein spezifisches Profil zu entwickeln, um ihm oder ihr darauf basierende Werbung zu zeigen.<\/span><\/li>\n<\/ul>\n<ol start=\"4\">\n<li><b>Arten von Cookies, die auf dieser Website verwendet werden<\/b><\/li>\n<\/ol>\n<p><span style=\"font-weight: 400;\">Unterabschnitt 4, der erscheinen kann oder nicht erscheinen kann (bei der Nummerierung der \u00dcberschriften ber\u00fccksichtigen), basierend auf der Markierung bei der Erstellung des Dokuments, mit den folgenden ausw\u00e4hlbaren Beispielen und der M\u00f6glichkeit, andere Cookies als freien Text einzubinden:<\/span><\/p>\n<ul>\n<li style=\"font-weight: 400;\"><span style=\"font-weight: 400;\">PHPSESSID: Technisches und Sitzungscookie, das die Sitzungskennung enth\u00e4lt. Unverzichtbar f\u00fcr den Betrieb der Website.<\/span><\/li>\n<li style=\"font-weight: 400;\"><span style=\"font-weight: 400;\">_lang: technischer und Sitzungscookie, der die Sprache der Sitzung enth\u00e4lt.<\/span><\/li>\n<li style=\"font-weight: 400;\"><span style=\"font-weight: 400;\">ac_cookies: technisches Cookie, das den Wert enth\u00e4lt, ob die Installation von Cookies akzeptiert wurde. Sie l\u00e4uft ein Jahr seit der letzten Aktualisierung ab.<\/span><\/li>\n<li style=\"font-weight: 400;\"><span style=\"font-weight: 400;\">_ga: Google Analytics-Cookie zur Unterscheidung der Nutzer. Sie l\u00e4uft 2 Jahre nach der letzten Aktualisierung ab.<\/span><\/li>\n<li style=\"font-weight: 400;\"><span style=\"font-weight: 400;\">{\\an8}Gid: Google Analytics-Cookie zur Unterscheidung der Nutzer. Sie l\u00e4uft 24 Stunden nach der letzten Aktualisierung ab.<\/span><\/li>\n<li style=\"font-weight: 400;\"><span style=\"font-weight: 400;\">_gat: Google Analytics-Cookie zur Begrenzung des Prozentsatzes der Anfragen. Sie l\u00e4uft in 1 Minute seit der letzten Aktualisierung ab.<\/span><\/li>\n<li style=\"font-weight: 400;\"><span style=\"font-weight: 400;\">_utma: Google Analytics-Cookie, das das Datum des ersten und letzten Besuchs des Benutzers auf der Website aufzeichnet. Sie l\u00e4uft 2 Jahre nach der letzten Aktualisierung ab.<\/span><\/li>\n<li style=\"font-weight: 400;\"><span style=\"font-weight: 400;\">_utmb: Google Analytics-Cookie, das die Ankunftszeit auf der Website aufzeichnet. Sie l\u00e4uft 30 Minuten nach der letzten Aktualisierung ab.<\/span><\/li>\n<li style=\"font-weight: 400;\"><span style=\"font-weight: 400;\">_utmc: Google Analytics-Cookie, das f\u00fcr die Interoperabilit\u00e4t mit dem urchin.js-Tracking-Code verwendet wird. Sie wird gel\u00f6scht, sobald der Browser geschlossen wird.<\/span><\/li>\n<li style=\"font-weight: 400;\"><span style=\"font-weight: 400;\">_utmt: Google Analytics-Cookie, das zur Verarbeitung der Art der vom Nutzer gef\u00e4lschten Anfrage verwendet wird. Sie l\u00e4uft am Ende der Sitzung ab.<\/span><\/li>\n<li style=\"font-weight: 400;\"><span style=\"font-weight: 400;\">_utmv: Google Analytics-Cookie. Dieses Cookie wird verwendet, um demographische Daten zu segmentieren. Sie l\u00e4uft am Ende der Sitzung ab.<\/span><\/li>\n<li style=\"font-weight: 400;\"><span style=\"font-weight: 400;\">_utmz: Google Analytics-Cookie, das die Traffic-Quelle oder eine Kampagne speichert, um zu erkl\u00e4ren, wie der Nutzer auf die Website gelangt ist. Sie erlischt 6 Monate nach der letzten Aktualisierung.<\/span><\/li>\n<\/ul>\n<ol start=\"5\">\n<li><b> Wie man Cookies in den wichtigsten Browsern deaktiviert:<\/b><\/li>\n<\/ol>\n<p><span style=\"font-weight: 400;\">Sie haben die M\u00f6glichkeit, Ihren Browser so zu konfigurieren, dass er jedes Mal, wenn Sie ein Cookie erhalten, auf dem Bildschirm benachrichtigt wird, sodass seine Installation auf Ihrem Computer verhindert wird. Wenn Sie diese Informationen erweitern m\u00f6chten, konsultieren Sie bitte die Anweisungen und Handb\u00fccher Ihres Browsers, wie folgt:<\/span><\/p>\n<p><span style=\"font-weight: 400;\">Google Chrome: <\/span><a href=\"http:\/\/support.google.com\/chrome\/bin\/answer.py?hl=en&amp;amp;answer=95647\" target=\"_blank\" rel=\"noopener noreferrer nofollow\"><span style=\"font-weight: 400;\">http:\/\/support.google.com\/chrome\/bin\/answer.py?hl=ennswer=95647<\/span><\/a><\/p>\n<p><span style=\"font-weight: 400;\">Microsoft Internet Explorer: <\/span><a href=\"https:\/\/support.microsoft.com\/es-es\/help\/17442\/windows-internet-explorer-delete-manage-cookies\" target=\"_blank\" rel=\"noopener noreferrer nofollow\"><span style=\"font-weight: 400;\">https:\/\/support.microsoft.com\/es-es\/help\/17442\/windows-internet- explorer-l\u00f6schen-verwalten-Cookies<\/span><\/a><\/p>\n<p><span style=\"font-weight: 400;\">Microsoft Edge: <\/span><a href=\"https:\/\/privacy.microsoft.com\/es-es\/windows-10-microsoft-edge-and-privacy\" target=\"_blank\" rel=\"noopener noreferrer nofollow\"><span style=\"font-weight: 400;\">https:\/\/privacy.microsoft.com\/es-es\/windows-10-microsoft-edge-and-privacy<\/span><\/a><\/p>\n<p><span style=\"font-weight: 400;\">Mozilla Firefox: <\/span><a href=\"http:\/\/support.mozilla.org\/es\/kb\/habilitar-y-deshabilitar-cookies-que-los-sitios-we\" target=\"_blank\" rel=\"noopener noreferrer nofollow\"><span style=\"font-weight: 400;\">http:\/\/support.mozilla.org\/es\/kb\/habilitar-y-deshabilitar-cookies-que-los-sitios- wir<\/span><\/a><\/p>\n<p><span style=\"font-weight: 400;\">Safari: <\/span><a href=\"https:\/\/support.apple.com\/kb\/PH21411?locale=es_ES\" target=\"_blank\" rel=\"noopener noreferrer nofollow\"><span style=\"font-weight: 400;\">https:\/\/support.apple.com\/kb\/PH21411?locale=es_ES<\/span><\/a><\/p>\n<p>&nbsp;<\/p>\n","protected":false},"excerpt":{"rendered":"<p>COOKIE RICHTLINIEN Definition von Cookies Ein Cookie ist eine Datei, die beim Zugriff auf bestimmte Webseiten auf Ihren Computer heruntergeladen wird. Mithilfe von Cookies kann eine Webseite unter anderem Informationen \u00fcber die Surfgewohnheiten eines Benutzers oder \u00fcber die Surfgewohnheiten seiner Hardware speichern und abrufen und je nach den darin enthaltenen Informationen und der Art und [&hellip;]<\/p>\n","protected":false},"author":7,"featured_media":0,"parent":0,"menu_order":0,"comment_status":"closed","ping_status":"open","template":"","meta":{"footnotes":""},"class_list":["post-4463","page","type-page","status-publish","hentry"],"_links":{"self":[{"href":"https:\/\/bionest.es\/de\/wp-json\/wp\/v2\/pages\/4463","targetHints":{"allow":["GET"]}}],"collection":[{"href":"https:\/\/bionest.es\/de\/wp-json\/wp\/v2\/pages"}],"about":[{"href":"https:\/\/bionest.es\/de\/wp-json\/wp\/v2\/types\/page"}],"author":[{"embeddable":true,"href":"https:\/\/bionest.es\/de\/wp-json\/wp\/v2\/users\/7"}],"replies":[{"embeddable":true,"href":"https:\/\/bionest.es\/de\/wp-json\/wp\/v2\/comments?post=4463"}],"version-history":[{"count":0,"href":"https:\/\/bionest.es\/de\/wp-json\/wp\/v2\/pages\/4463\/revisions"}],"wp:attachment":[{"href":"https:\/\/bionest.es\/de\/wp-json\/wp\/v2\/media?parent=4463"}],"curies":[{"name":"wp","href":"https:\/\/api.w.org\/{rel}","templated":true}]}}