{"id":28951,"date":"2025-07-18T15:40:06","date_gmt":"2025-07-18T13:40:06","guid":{"rendered":"https:\/\/bionest.es\/?page_id=28951"},"modified":"2025-07-30T18:32:42","modified_gmt":"2025-07-30T16:32:42","slug":"bio-himbeere-gaia","status":"publish","type":"page","link":"https:\/\/bionest.es\/de\/bio-himbeere-gaia\/","title":{"rendered":"Bio-Himbeere Gaia"},"content":{"rendered":"<div class=\"wpb-content-wrapper\">[mk_page_section vertical_align=&#8220;center&#8220; bg_image=&#8220;https:\/\/bionest.es\/wp-content\/uploads\/2025\/05\/gaia-frambuesa-bio-banner.webp&#8220; bg_color=&#8220;#ed1459&#8243; bg_position=&#8220;center center&#8220; bg_repeat=&#8220;no-repeat&#8220; bg_stretch=&#8220;true&#8220; top_shadow=&#8220;true&#8220; min_height=&#8220;500&#8243; js_vertical_centered=&#8220;true&#8220; padding_top=&#8220;50&#8243; padding_bottom=&#8220;50&#8243; sidebar=&#8220;sidebar-1&#8243;][vc_column][vc_single_image image=&#8220;28027&#8243; img_size=&#8220;full&#8220; alignment=&#8220;center&#8220;][\/vc_column][\/mk_page_section][mk_page_section bg_color=&#8220;#eb165b&#8220; bg_position=&#8220;center center&#8220; bg_repeat=&#8220;no-repeat&#8220; speed_factor=&#8220;0.4&#8243; video_opacity=&#8220;0.3&#8243; js_vertical_centered=&#8220;true&#8220; padding_top=&#8220;50&#8243; padding_bottom=&#8220;50&#8243; sidebar=&#8220;sidebar-1&#8243;][vc_column][vc_row_inner][vc_column_inner offset=&#8220;vc_hidden-xs&#8220;][vc_column_text css=&#8220;.vc_custom_1674809999750{margin-bottom: 0px !important;}&#8220;]<div class=\"wp-block-image\">\n<figure class=\"aligncenter size-full\"><img loading=\"lazy\" decoding=\"async\" width=\"1921\" height=\"273\" src=\"https:\/\/bionest.es\/wp-content\/uploads\/2022\/11\/bionest-certificaciones-desktop.png\" alt=\"bionest-certificaciones-desktop\" class=\"wp-image-11923\" srcset=\"https:\/\/bionest.es\/wp-content\/uploads\/2022\/11\/bionest-certificaciones-desktop.png 1921w, https:\/\/bionest.es\/wp-content\/uploads\/2022\/11\/bionest-certificaciones-desktop-300x43.png 300w, https:\/\/bionest.es\/wp-content\/uploads\/2022\/11\/bionest-certificaciones-desktop-1024x146.png 1024w, https:\/\/bionest.es\/wp-content\/uploads\/2022\/11\/bionest-certificaciones-desktop-768x109.png 768w\" sizes=\"auto, (max-width: 1921px) 100vw, 1921px\" \/><\/figure>\n<\/div>[\/vc_column_text][\/vc_column_inner][\/vc_row_inner][vc_row_inner][vc_column_inner offset=&#8220;vc_hidden-lg vc_hidden-md vc_hidden-sm&#8220;][vc_column_text css=&#8220;.vc_custom_1674810010173{margin-bottom: 0px !important;}&#8220;]<div class=\"wp-block-image\">\n<figure class=\"aligncenter size-full\"><img loading=\"lazy\" decoding=\"async\" width=\"1044\" height=\"515\" src=\"https:\/\/bionest.es\/wp-content\/uploads\/2022\/11\/certificaciones-bionest-mobile.png\" alt=\"certificaciones-bionest\" class=\"wp-image-11808\" srcset=\"https:\/\/bionest.es\/wp-content\/uploads\/2022\/11\/certificaciones-bionest-mobile.png 1044w, https:\/\/bionest.es\/wp-content\/uploads\/2022\/11\/certificaciones-bionest-mobile-300x148.png 300w, https:\/\/bionest.es\/wp-content\/uploads\/2022\/11\/certificaciones-bionest-mobile-1024x505.png 1024w, https:\/\/bionest.es\/wp-content\/uploads\/2022\/11\/certificaciones-bionest-mobile-768x379.png 768w\" sizes=\"auto, (max-width: 1044px) 100vw, 1044px\" \/><\/figure>\n<\/div>[\/vc_column_text][\/vc_column_inner][\/vc_row_inner][\/vc_column][\/mk_page_section][mk_page_section bg_color=&#8220;#ffffff&#8220; bg_position=&#8220;center center&#8220; bg_repeat=&#8220;no-repeat&#8220; js_vertical_centered=&#8220;true&#8220; padding_top=&#8220;50&#8243; padding_bottom=&#8220;50&#8243; sidebar=&#8220;sidebar-1&#8243;][vc_column][vc_row_inner][vc_column_inner width=&#8220;1\/2&#8243;][mk_fancy_title tag_name=&#8220;h1&#8243; color=&#8220;#ed1459&#8243; size=&#8220;90&#8243; force_font_size=&#8220;true&#8220; size_tablet=&#8220;90&#8243; size_phone=&#8220;80&#8243; line_height=&#8220;80&#8243; margin_top=&#8220;20&#8243; margin_bottom=&#8220;0&#8243; font_family=&#8220;none&#8220; responsive_align=&#8220;left&#8220; el_class=&#8220;just&#8220;]Bio-Himbeere<br \/>\nGaia[\/mk_fancy_title][vc_column_text margin_bottom=&#8220;20&#8243; el_class=&#8220;today&#8220; css=&#8220;.vc_custom_1752839496710{margin-bottom: 0px !important;}&#8220;]\n<h2 class=\"subtitulo-titulares\">Eine remontierende, sehr saftige und gl\u00e4nzende Bio-Himbeersorte.<\/h2>\n[\/vc_column_text][vc_column_text margin_bottom=&#8220;20&#8243; el_class=&#8220;today&#8220; css=&#8220;.vc_custom_1752839525805{margin-bottom: 0px !important;}&#8220;]Die <strong>Bio-Himbeersorte Gaia<\/strong> zeichnet sich durch einen intensiven Geschmack und eine saftige Textur aus, die am Gaumen sehr angenehm ist. Dieses Mundgef\u00fchl wird zum Teil durch die Feinheit der Drupeolen (Einzelfr\u00fcchtchen) dieser Sorte erreicht. Es handelt sich um eine sehr attraktive, gl\u00e4nzende, kurze, kegelf\u00f6rmige Frucht mit einem hellen Farbton, der ihr ein un\u00fcbertroffenes frisches Aussehen verleiht. Sie positioniert sich im Premium-Marktsegment, wo Aussehen und Geschmack gefragt sind.<\/p>\n<p><strong>EXPORT<\/strong>: Wir exportieren von Spanien und Portugal aus auf dem Landweg nach ganz Europa und auf dem Luftweg in den Nahen Osten und nach S\u00fcdostasien.[\/vc_column_text][\/vc_column_inner][vc_column_inner width=&#8220;1\/2&#8243;][vc_empty_space height=&#8220;3em&#8220;][vc_progress_bar values=&#8220;%5B%7B%22label%22%3A%22Haltbarkeit%22%2C%22value%22%3A%2290%22%2C%22color%22%3A%22custom%22%2C%22customcolor%22%3A%22%23ef236b%22%2C%22customtxtcolor%22%3A%22%23ffffff%22%7D%2C%7B%22label%22%3A%22Ertrag%22%2C%22value%22%3A%2280%22%2C%22color%22%3A%22custom%22%2C%22customcolor%22%3A%22%23ef236b%22%2C%22customtxtcolor%22%3A%22%23ffffff%22%7D%2C%7B%22label%22%3A%22Gr%C3%B6%C3%9Fe%22%2C%22value%22%3A%2275%22%2C%22color%22%3A%22custom%22%2C%22customcolor%22%3A%22%23ef236b%22%2C%22customtxtcolor%22%3A%22%23ffffff%22%7D%2C%7B%22label%22%3A%22Wasserbedarf%22%2C%22value%22%3A%2240%22%2C%22color%22%3A%22custom%22%2C%22customcolor%22%3A%22%23ef236b%22%2C%22customtxtcolor%22%3A%22%23ffffff%22%7D%2C%7B%22label%22%3A%22Geschmack%22%2C%22value%22%3A%2290%22%2C%22color%22%3A%22custom%22%2C%22customcolor%22%3A%22%23ef236b%22%2C%22customtxtcolor%22%3A%22%23ffffff%22%7D%5D&#8220; css=&#8220;&#8220;][\/vc_column_inner][\/vc_row_inner][vc_row_inner][vc_column_inner][vc_empty_space][\/vc_column_inner][\/vc_row_inner][\/vc_column][\/mk_page_section][mk_page_section vertical_align=&#8220;center&#8220; bg_image=&#8220;https:\/\/bionest.es\/wp-content\/uploads\/2023\/11\/pandora-bio-produccion-production.jpg&#8220; bg_position=&#8220;center center&#8220; bg_repeat=&#8220;no-repeat&#8220; bg_stretch=&#8220;true&#8220; padding_top=&#8220;50&#8243; padding_bottom=&#8220;50&#8243; sidebar=&#8220;sidebar-1&#8243;][vc_column][vc_row_inner is_fullwidth_content=&#8220;false&#8220;][vc_column_inner width=&#8220;1\/2&#8243;][mk_image src=&#8220;https:\/\/bionest.es\/wp-content\/uploads\/2025\/05\/gaia-frambuesa-bio-caracteristicas.webp&#8220; image_size=&#8220;full&#8220; align=&#8220;center&#8220; margin_bottom=&#8220;0&#8243;][\/vc_column_inner][vc_column_inner width=&#8220;1\/2&#8243;][mk_fancy_title color=&#8220;#ed1459&#8243; size=&#8220;90&#8243; force_font_size=&#8220;true&#8220; size_tablet=&#8220;90&#8243; size_phone=&#8220;80&#8243; line_height=&#8220;80&#8243; margin_top=&#8220;20&#8243; margin_bottom=&#8220;0&#8243; font_family=&#8220;none&#8220; responsive_align=&#8220;left&#8220; el_class=&#8220;just&#8220;]Eigenschaften[\/mk_fancy_title][vc_column_text margin_bottom=&#8220;20&#8243; el_class=&#8220;today&#8220; css=&#8220;.vc_custom_1752839712446{margin-bottom: 0px !important;}&#8220;]Bionest produziert und vertreibt die Bio-Himbeersorte Gaia f\u00fcr den Export in europ\u00e4ische M\u00e4rkte. Eine Premium-Bio-Himbeersorte mit vielen Vorteilen.[\/vc_column_text][vc_column_text margin_bottom=&#8220;20&#8243; el_class=&#8220;today&#8220; css=&#8220;.vc_custom_1752839733754{margin-bottom: 0px !important;}&#8220;]<span class=\"subtitulo-titulares\">Vorteile<\/span>[\/vc_column_text][vc_column_text margin_bottom=&#8220;20&#8243; el_class=&#8220;today&#8220; css=&#8220;.vc_custom_1752839763516{margin-bottom: 0px !important;}&#8220;]<strong>Aussehen<\/strong>: Frucht mit kurzer, abgerundeter, kegelf\u00f6rmiger Form.<br \/>\n<strong>Gr\u00f6\u00dfe<\/strong>: Sie hat eine mittlere Gr\u00f6\u00dfe.<br \/>\n<strong>Auff\u00e4lligkeiten im Aussehen<\/strong>: Eine sehr einheitliche Beere. Es kommt sehr selten vor, dass sie eingefallene Drupeolen oder Verformungen aufweist.<br \/>\n<strong>Geschmack<\/strong>: Au\u00dfergew\u00f6hnlich. Ein sehr angenehmer Geschmack, der \u00fcber die Zeit sehr stabil bleibt.<br \/>\n<strong>Haltbarkeit<\/strong>: Sehr lang, ohne Verf\u00e4rbung oder Verformung im Laufe der Zeit.<br \/>\n<strong>Ertrag<\/strong>: Hohes Produktionspotenzial, das die aktuellen Referenz-Sorten \u00fcbertrifft. Es ist eine sehr gleichm\u00e4\u00dfige Frucht.<br \/>\n<strong>Pflanzung<\/strong>: Es ist eine sehr flexible Sorte, die sowohl eine Fr\u00fchjahrspflanzung mit doppelter Ernte (Herbst und Sp\u00e4tfr\u00fchling) als auch die Pflanzung von Long Canes (Langruten) im Winter mit einer Ernte im Sp\u00e4twinter und Fr\u00fchling erm\u00f6glicht.[\/vc_column_text][vc_column_text margin_bottom=&#8220;20&#8243; el_class=&#8220;today&#8220; css=&#8220;.vc_custom_1752839783727{margin-bottom: 0px !important;}&#8220;]<span class=\"subtitulo-titulares\">Anbau und Produktion:<\/span>[\/vc_column_text][mk_custom_list style=&#8220;mk-moon-circle-small&#8220; icon_color=&#8220;#ed555e&#8220;]\n<ul>\n<li>Perfekt f\u00fcr eine attraktive, helle Himbeerproduktion im <strong>remontierenden Zyklus f\u00fcr das Premium-Segment<\/strong>.<\/li>\n<li>Es ist eine Sorte mit fr\u00fcher und langanhaltender Produktion. Sie erm\u00f6glicht eine effiziente Produktionsplanung zwischen den Monaten <strong>Oktober und Januar sowie von April bis Juni<\/strong>.<\/li>\n<li>Diese remontierende Sorte <strong>hat in beiden Ernten viel Potenzial<\/strong>, und die Pfl\u00fcckgeschwindigkeit ist hoch. Die Form des Fruchtstiels macht die Ernte sehr einfach, selbst bei widrigen Wetterbedingungen.<\/li>\n<li>Die Pflanze hat eine \u00fcppige Vegetation, die die Fr\u00fcchte wirksam vor Sonneneinstrahlung sch\u00fctzt.<\/li>\n<li>Es ist eine Frucht, die <strong>sehr leicht zu best\u00e4uben<\/strong> und sehr gleichm\u00e4\u00dfig ist. Der Fruchtansatz ist sehr gut, selbst bei extremen Hitzebedingungen.<br \/>\nAufgrund ihrer Eigenschaften erm\u00f6glicht sie eine einfache und <strong>schnelle Ernte<\/strong>.<\/li>\n<\/ul>\n[\/mk_custom_list][\/vc_column_inner][\/vc_row_inner][\/vc_column][\/mk_page_section][vc_row fullwidth=&#8220;true&#8220; fullwidth_content=&#8220;false&#8220; css=&#8220;.vc_custom_1701897082220{padding-top: 1em !important;}&#8220; el_class=&#8220;disponibilidad-anual&#8220;][vc_column][vc_single_image image=&#8220;29048&#8243; img_size=&#8220;full&#8220; alignment=&#8220;center&#8220; css=&#8220;&#8220;][\/vc_column][\/vc_row][vc_row fullwidth=&#8220;true&#8220; equal_columns=&#8220;true&#8220; attached=&#8220;true&#8220; el_class=&#8220;grandeza-natural&#8220;][vc_column][vc_row_inner attached=&#8220;true&#8220; el_class=&#8220;grandeza-natural-row&#8220;][vc_column_inner el_class=&#8220;grandeza-column-izq&#8220; width=&#8220;1\/2&#8243; css=&#8220;.vc_custom_1701892211635{background-image: url(https:\/\/bionest.es\/wp-content\/uploads\/2023\/11\/fondo-pandora-rosa.jpg?id=16274) !important;background-position: center !important;background-repeat: no-repeat !important;background-size: cover !important;}&#8220;][vc_custom_heading text=&#8220;<b>Form<\/b>: Kurz-kegelf\u00f6rmig. Kleine, runde und sehr homogene Drupeolen.<br \/>\n<b>Farbe<\/b>: Orangerosa mit Glanz.<br \/>\n<b>Kaliber<\/b>: 5g \u2013 mittel bis hoch.<br \/>\n<b>Anbauzyklus<\/b>: Remontierend und Long Canes, geringer K\u00e4ltebedarf.&#8220; font_container=&#8220;tag:div|font_size:30px|text_align:left|color:%23ffffff|line_height:1em&#8220; use_theme_fonts=&#8220;yes&#8220; css=&#8220;.vc_custom_1752840008971{padding-top: 5em !important;padding-right: 3em !important;padding-bottom: 5em !important;padding-left: 7em !important;}&#8220; el_class=&#8220;today&#8220;][\/vc_column_inner][vc_column_inner el_class=&#8220;grandeza-column-drc&#8220; width=&#8220;1\/2&#8243; css=&#8220;.vc_custom_1747140353880{margin-top: 0px !important;margin-right: 0px !important;margin-bottom: 0px !important;margin-left: 0px !important;padding-top: 0px !important;padding-right: 0px !important;padding-bottom: 0px !important;padding-left: 0px !important;background-image: url(https:\/\/bionest.es\/wp-content\/uploads\/2025\/05\/gaia-frambuesa-bio-caracteristicas-1.webp?id=28285) !important;background-position: center !important;background-repeat: no-repeat !important;background-size: cover !important;}&#8220;][vc_empty_space height=&#8220;27.6em&#8220;][\/vc_column_inner][\/vc_row_inner][\/vc_column][\/vc_row][mk_page_section bg_color=&#8220;#ffffff&#8220; padding_top=&#8220;40&#8243; padding_bottom=&#8220;40&#8243; sidebar=&#8220;sidebar-1&#8243;][vc_column][mk_fancy_title color=&#8220;#ed1459&#8243; size=&#8220;90&#8243; force_font_size=&#8220;true&#8220; size_tablet=&#8220;90&#8243; size_phone=&#8220;80&#8243; line_height=&#8220;80&#8243; margin_top=&#8220;20&#8243; margin_bottom=&#8220;0&#8243; font_family=&#8220;none&#8220; responsive_align=&#8220;left&#8220; el_class=&#8220;just&#8220;]\n<p style=\"text-align: center;\">\u00d6kologische Verpackung<\/p>\n[\/mk_fancy_title][vc_column_text margin_bottom=&#8220;20&#8243; el_class=&#8220;today&#8220; css=&#8220;.vc_custom_1752840052103{margin-bottom: 0px !important;}&#8220;]\n<p style=\"text-align: center;\">Bei Bionest haben wir eine interne Abteilung f\u00fcr Verpackungsdesign und -produktion. Wir erforschen und entwickeln neue umweltfreundliche Formate, die den Anforderungen, Bestellungen und dem Versand auf dem Landweg nach ganz Europa und auf dem Luftweg in den Nahen Osten und nach S\u00fcdostasien gerecht werden.<\/p>\n[\/vc_column_text][\/vc_column][\/mk_page_section][mk_page_section bg_color=&#8220;#ffffff&#8220; padding_top=&#8220;40&#8243; padding_bottom=&#8220;40&#8243; sidebar=&#8220;sidebar-1&#8243;][vc_column width=&#8220;1\/3&#8243;][mk_image src=&#8220;https:\/\/bionest.es\/wp-content\/uploads\/2025\/05\/gaia-frambuesa-bio-packaging.webp&#8220; image_size=&#8220;full&#8220; align=&#8220;center&#8220; margin_bottom=&#8220;40&#8243;][\/vc_column][vc_column width=&#8220;1\/3&#8243;][mk_image src=&#8220;https:\/\/bionest.es\/wp-content\/uploads\/2025\/05\/gaia-frambuesa-bio-packaging.webp&#8220; image_size=&#8220;full&#8220; align=&#8220;center&#8220; margin_bottom=&#8220;40&#8243;][\/vc_column][vc_column width=&#8220;1\/3&#8243;][mk_image src=&#8220;https:\/\/bionest.es\/wp-content\/uploads\/2025\/05\/gaia-frambuesa-bio-packaging.webp&#8220; image_size=&#8220;full&#8220; align=&#8220;center&#8220; margin_bottom=&#8220;40&#8243;][\/vc_column][\/mk_page_section][mk_page_section vertical_align=&#8220;center&#8220; bg_image=&#8220;https:\/\/bionest.es\/wp-content\/uploads\/2023\/11\/frambuesa-pandora-agricultura-ecologica.jpg&#8220; bg_position=&#8220;center center&#8220; bg_repeat=&#8220;no-repeat&#8220; bg_stretch=&#8220;true&#8220; adaptive_height=&#8220;true&#8220; max_height=&#8220;500&#8243; min_height=&#8220;500&#8243; js_vertical_centered=&#8220;true&#8220; padding_top=&#8220;0&#8243; padding_bottom=&#8220;0&#8243; sidebar=&#8220;sidebar-1&#8243;][vc_column][vc_row_inner is_fullwidth_content=&#8220;false&#8220;][vc_column_inner width=&#8220;1\/2&#8243;][vc_column_text align=&#8220;center&#8220; el_class=&#8220;today&#8220; css=&#8220;.vc_custom_1752840069780{margin-bottom: 0px !important;}&#8220;]\n<p style=\"text-align: left; line-height: 1.5em; color: white; font-size: 2em; font-weight: bold;\">WIR BAUEN HIMBEEREN AN,<br \/>\nABER AUCH DEN BODEN:<br \/>\nWIR REICHERN IHN AN UND<br \/>\nVERBESSERN IHN<br \/>\nNACHHALTIG<\/p>\n[\/vc_column_text][\/vc_column_inner][vc_column_inner width=&#8220;1\/2&#8243;][\/vc_column_inner][\/vc_row_inner][\/vc_column][\/mk_page_section][mk_page_section bg_image=&#8220;https:\/\/bionest.es\/wp-content\/uploads\/2023\/11\/pandora-bio-fondo-laboratory.jpg&#8220; border_color=&#8220;#e5e4df&#8220; bg_position=&#8220;center top&#8220; bg_repeat=&#8220;no-repeat&#8220; bg_stretch=&#8220;true&#8220; js_vertical_centered=&#8220;true&#8220; padding_top=&#8220;50&#8243; padding_bottom=&#8220;50&#8243; sidebar=&#8220;sidebar-1&#8243;][vc_column width=&#8220;1\/2&#8243;][mk_image src=&#8220;https:\/\/bionest.es\/wp-content\/uploads\/2023\/11\/bio-pandora-bionest.png&#8220; image_size=&#8220;full&#8220; align=&#8220;center&#8220; margin_bottom=&#8220;0&#8243;][\/vc_column][vc_column width=&#8220;1\/2&#8243;][mk_fancy_title color=&#8220;#ed1459&#8243; size=&#8220;90&#8243; force_font_size=&#8220;true&#8220; size_tablet=&#8220;90&#8243; size_phone=&#8220;80&#8243; line_height=&#8220;80&#8243; margin_top=&#8220;20&#8243; margin_bottom=&#8220;0&#8243; font_family=&#8220;none&#8220; responsive_align=&#8220;left&#8220; el_class=&#8220;just&#8220;]F+E+I[\/mk_fancy_title][vc_column_text margin_bottom=&#8220;20&#8243; el_class=&#8220;today&#8220; css=&#8220;.vc_custom_1752840104307{margin-bottom: 0px !important;}&#8220;]\n<h3 class=\"subtitulo-titulares\">Investition in die Entwicklung von Gaia<\/h3>\n[\/vc_column_text][vc_column_text margin_bottom=&#8220;20&#8243; el_class=&#8220;today&#8220; css=&#8220;.vc_custom_1752840680768{margin-bottom: 0px !important;}&#8220;]Die F+E+I-Abteilung von Bionest f\u00fchrt j\u00e4hrlich sehr pr\u00e4zise Studien in Laboren und auf Versuchsfeldern durch, mit dem Ziel, die <strong>Widerstandsf\u00e4higkeit der Sorte Gaia sowie ihren Ertrag, ihre Gr\u00f6\u00dfe und ihren Geschmack zu verbessern.<\/strong><\/p>\n<p>Diese Himbeersorte ist darauf ausgelegt, dank ihrer organoleptischen Eigenschaften, ihrer Widerstandsf\u00e4higkeit im Anbau und ihrer remontierenden Eigenschaften \u00fcber einen langen Zeitraum des Jahres Premium-Himbeeren anzubieten.<\/p>\n<p>Eine der aus dieser Sorte entstandenen Marken ist <strong>PINK STAR<sup style=\"vertical-align: baseline;\">\u00ae<\/sup><\/strong>. Bionest beteiligt sich an der Entwicklung dieser Premium-Bio-Himbeere, die sich als erste ganzj\u00e4hrig verf\u00fcgbare Premium-Himbeere etablieren soll.[\/vc_column_text][\/vc_column][\/mk_page_section][mk_page_section bg_image=&#8220;https:\/\/bionest.es\/wp-content\/uploads\/2024\/04\/fondo-pinkstar.webp&#8220; bg_color=&#8220;#3ead85&#8243; bg_position=&#8220;center center&#8220; bg_repeat=&#8220;no-repeat&#8220; bg_stretch=&#8220;true&#8220; speed_factor=&#8220;0.4&#8243; video_opacity=&#8220;0.3&#8243; js_vertical_centered=&#8220;true&#8220; padding_top=&#8220;50&#8243; padding_bottom=&#8220;50&#8243; sidebar=&#8220;sidebar-1&#8243;][vc_column css=&#8220;.vc_custom_1712328437472{background-position: center !important;background-repeat: no-repeat !important;background-size: cover !important;}&#8220;][vc_row_inner][vc_column_inner width=&#8220;1\/2&#8243;][vc_empty_space height=&#8220;2em&#8220;][vc_column_text css=&#8220;.vc_custom_1752840707070{margin-bottom: 0px !important;}&#8220;]\n<p style=\"text-align: left; color: white; font-size: 2em; font-weight: 600;\">Pink Star<sup style=\"vertical-align: baseline;\">\u00ae<\/sup><\/p>\n<p style=\"text-align: left; color: white; font-size: 1em;\">Die Himbeersorte Gaia, auch bekannt als Pink Star<sup style=\"vertical-align: baseline;\">\u00ae<\/sup> Gaia MAR 502, ist eine remontierende Himbeere, die mit viel M\u00fche und Leidenschaft entwickelt wurde.<br \/>\nDiese Sorte hat eine Qualit\u00e4tsanerkennung erhalten. Die Auszeichnung des International Taste Institute in Br\u00fcssel im Mai 2024.<br \/>\nPink Star Gaia ist die Erg\u00e4nzung zur anderen Sorte Pink Star Pandora.<\/p>\n[\/vc_column_text][\/vc_column_inner][vc_column_inner width=&#8220;1\/2&#8243;][vc_single_image image=&#8220;19701&#8243; img_size=&#8220;full&#8220; alignment=&#8220;center&#8220; css=&#8220;.vc_custom_1712660034967{margin-bottom: 0px !important;}&#8220;][\/vc_column_inner][\/vc_row_inner][\/vc_column][\/mk_page_section][vc_row fullwidth=&#8220;true&#8220; css=&#8220;.vc_custom_1746798835220{background-image: url(https:\/\/bionest.es\/wp-content\/uploads\/2025\/05\/gaia-frambuesa-campo-recoleccion.webp?id=28060) !important;background-position: center !important;background-repeat: no-repeat !important;background-size: cover !important;}&#8220;][vc_column][vc_empty_space height=&#8220;5em&#8220;][vc_column_text align=&#8220;center&#8220; el_class=&#8220;today&#8220; css=&#8220;.vc_custom_1752840276427{margin-bottom: 0px !important;}&#8220;]\n<p style=\"text-align: center; color: white; font-size: 2.5em; font-weight: bold;\">EINE SORGF\u00c4LTIGE BIOLOGISCHE PRODUKTION<br \/>\nMIT H\u00d6CHSTER VERANTWORTUNG<\/p>\n[\/vc_column_text][vc_btn title=&#8220;Weitere Informationen&#8220; style=&#8220;classic&#8220; color=&#8220;pink&#8220; size=&#8220;lg&#8220; align=&#8220;center&#8220; css=&#8220;&#8220; el_class=&#8220;boton-mas-informacion&#8220;][vc_empty_space height=&#8220;5em&#8220;][\/vc_column][\/vc_row][mk_page_section bg_image=&#8220;https:\/\/bionest.es\/wp-content\/uploads\/2023\/11\/pandora-kontakt-contacto.jpg&#8220; bg_color=&#8220;#ed555e&#8220; bg_position=&#8220;center center&#8220; bg_repeat=&#8220;no-repeat&#8220; bg_stretch=&#8220;true&#8220; min_height=&#8220;&#8220; padding_top=&#8220;40&#8243; padding_bottom=&#8220;0&#8243; sidebar=&#8220;sidebar-1&#8243;][vc_column width=&#8220;1\/6&#8243;][\/vc_column][vc_column width=&#8220;1\/6&#8243;][vc_single_image image=&#8220;11659&#8243;][\/vc_column][vc_column width=&#8220;4\/6&#8243;][mk_fancy_title color=&#8220;#ffffff&#8220; size=&#8220;90&#8243; force_font_size=&#8220;true&#8220; size_tablet=&#8220;90&#8243; size_phone=&#8220;80&#8243; line_height=&#8220;80&#8243; margin_top=&#8220;20&#8243; margin_bottom=&#8220;0&#8243; font_family=&#8220;none&#8220; responsive_align=&#8220;left&#8220; el_class=&#8220;just&#8220;]Irene L\u00f3pez Castellano[\/mk_fancy_title][vc_row_inner][vc_column_inner][vc_column_text margin_bottom=&#8220;20&#8243; el_class=&#8220;today&#8220; css=&#8220;.vc_custom_1746798656876{margin-bottom: 0px !important;}&#8220;]<span class=\"subtitulo-titulares\" style=\"color: white;\">+34 626 510 678<\/span>[\/vc_column_text][\/vc_column_inner][\/vc_row_inner][\/vc_column][vc_column][vc_row_inner][vc_column_inner width=&#8220;1\/6&#8243;][\/vc_column_inner][vc_column_inner width=&#8220;5\/6&#8243; css=&#8220;.vc_custom_1701169422808{margin-right: 5rem !important;}&#8220;][vc_column_text margin_bottom=&#8220;20&#8243; el_class=&#8220;today&#8220; css=&#8220;.vc_custom_1752840332475{margin-bottom: 0px !important;}&#8220;]<span style=\"color: white; font-size: 18px;\">Wenn Sie Informationen zu diesem Produkt, seinen Zertifizierungen, unserer Verwaltung und dem Export ben\u00f6tigen, z\u00f6gern Sie nicht, uns unter der oben genannten Telefonnummer anrufen oder eine E-Mail an <strong style=\"color: white;\">irene@bionest.es<\/strong> zu senden.<\/span>[\/vc_column_text][\/vc_column_inner][\/vc_row_inner][\/vc_column][\/mk_page_section]\n<\/div>","protected":false},"excerpt":{"rendered":"<p>[mk_page_section vertical_align=&#8220;center&#8220; bg_image=&#8220;https:\/\/bionest.es\/wp-content\/uploads\/2025\/05\/gaia-frambuesa-bio-banner.webp&#8220; bg_color=&#8220;#ed1459&#8243; bg_position=&#8220;center center&#8220; bg_repeat=&#8220;no-repeat&#8220; bg_stretch=&#8220;true&#8220; top_shadow=&#8220;true&#8220; min_height=&#8220;500&#8243; js_vertical_centered=&#8220;true&#8220; padding_top=&#8220;50&#8243; padding_bottom=&#8220;50&#8243; sidebar=&#8220;sidebar-1&#8243;][vc_column][vc_single_image image=&#8220;28027&#8243; img_size=&#8220;full&#8220; alignment=&#8220;center&#8220;][\/vc_column][\/mk_page_section][mk_page_section bg_color=&#8220;#eb165b&#8220; bg_position=&#8220;center center&#8220; bg_repeat=&#8220;no-repeat&#8220; speed_factor=&#8220;0.4&#8243; video_opacity=&#8220;0.3&#8243; js_vertical_centered=&#8220;true&#8220; padding_top=&#8220;50&#8243; padding_bottom=&#8220;50&#8243; sidebar=&#8220;sidebar-1&#8243;][vc_column][vc_row_inner][vc_column_inner offset=&#8220;vc_hidden-xs&#8220;][vc_column_text css=&#8220;.vc_custom_1674809999750{margin-bottom: 0px !important;}&#8220;][\/vc_column_text][\/vc_column_inner][\/vc_row_inner][vc_row_inner][vc_column_inner offset=&#8220;vc_hidden-lg vc_hidden-md vc_hidden-sm&#8220;][vc_column_text css=&#8220;.vc_custom_1674810010173{margin-bottom: 0px !important;}&#8220;][\/vc_column_text][\/vc_column_inner][\/vc_row_inner][\/vc_column][\/mk_page_section][mk_page_section bg_color=&#8220;#ffffff&#8220; bg_position=&#8220;center center&#8220; bg_repeat=&#8220;no-repeat&#8220; js_vertical_centered=&#8220;true&#8220; padding_top=&#8220;50&#8243; padding_bottom=&#8220;50&#8243; sidebar=&#8220;sidebar-1&#8243;][vc_column][vc_row_inner][vc_column_inner width=&#8220;1\/2&#8243;][mk_fancy_title tag_name=&#8220;h1&#8243; color=&#8220;#ed1459&#8243; size=&#8220;90&#8243; force_font_size=&#8220;true&#8220; size_tablet=&#8220;90&#8243; size_phone=&#8220;80&#8243; line_height=&#8220;80&#8243; margin_top=&#8220;20&#8243; margin_bottom=&#8220;0&#8243; [&hellip;]<\/p>\n","protected":false},"author":7,"featured_media":29109,"parent":0,"menu_order":0,"comment_status":"closed","ping_status":"open","template":"","meta":{"footnotes":""},"class_list":["post-28951","page","type-page","status-publish","has-post-thumbnail","hentry"],"_links":{"self":[{"href":"https:\/\/bionest.es\/de\/wp-json\/wp\/v2\/pages\/28951","targetHints":{"allow":["GET"]}}],"collection":[{"href":"https:\/\/bionest.es\/de\/wp-json\/wp\/v2\/pages"}],"about":[{"href":"https:\/\/bionest.es\/de\/wp-json\/wp\/v2\/types\/page"}],"author":[{"embeddable":true,"href":"https:\/\/bionest.es\/de\/wp-json\/wp\/v2\/users\/7"}],"replies":[{"embeddable":true,"href":"https:\/\/bionest.es\/de\/wp-json\/wp\/v2\/comments?post=28951"}],"version-history":[{"count":0,"href":"https:\/\/bionest.es\/de\/wp-json\/wp\/v2\/pages\/28951\/revisions"}],"wp:featuredmedia":[{"embeddable":true,"href":"https:\/\/bionest.es\/de\/wp-json\/wp\/v2\/media\/29109"}],"wp:attachment":[{"href":"https:\/\/bionest.es\/de\/wp-json\/wp\/v2\/media?parent=28951"}],"curies":[{"name":"wp","href":"https:\/\/api.w.org\/{rel}","templated":true}]}}