{"id":22054,"date":"2024-07-26T10:57:59","date_gmt":"2024-07-26T08:57:59","guid":{"rendered":"https:\/\/bionest.es\/?page_id=22054"},"modified":"2024-07-26T11:45:22","modified_gmt":"2024-07-26T09:45:22","slug":"team-bionest","status":"publish","type":"page","link":"https:\/\/bionest.es\/de\/team-bionest\/","title":{"rendered":"Team Bionest"},"content":{"rendered":"<div class=\"wpb-content-wrapper\">[mk_page_section bg_image=&#8220;https:\/\/bionest.es\/wp-content\/uploads\/2022\/07\/fondo-frutos-rojos-ecologicos-home.jpg&#8220; bg_position=&#8220;center center&#8220; bg_repeat=&#8220;no-repeat&#8220; top_shadow=&#8220;true&#8220; min_height=&#8220;&#8220; full_width=&#8220;true&#8220; js_vertical_centered=&#8220;true&#8220; padding_top=&#8220;50&#8243; padding_bottom=&#8220;20&#8243; sidebar=&#8220;sidebar-1&#8243;][vc_column css=&#8220;.vc_custom_1658496462740{padding-top: 0px !important;padding-bottom: 0px !important;}&#8220;][mk_fancy_title tag_name=&#8220;h1&#8243; color=&#8220;#ffffff&#8220; size=&#8220;80&#8243; force_font_size=&#8220;true&#8220; size_tablet=&#8220;60&#8243; size_phone=&#8220;48&#8243; line_height=&#8220;80&#8243; font_weight=&#8220;bold&#8220; margin_bottom=&#8220;0&#8243; font_family=&#8220;none&#8220; align=&#8220;center&#8220; el_class=&#8220;today&#8220;]\n<p>TEAM BIONEST<\/p>\n[\/mk_fancy_title][vc_row_inner][vc_column_inner width=&#8220;1\/6&#8243;][\/vc_column_inner][vc_column_inner width=&#8220;2\/3&#8243; css=&#8220;.vc_custom_1658496695743{padding-right: 1em !important;padding-left: 1em !important;}&#8220;][mk_fancy_title color=&#8220;#ffffff&#8220; size=&#8220;25&#8243; force_font_size=&#8220;true&#8220; size_tablet=&#8220;25&#8243; size_phone=&#8220;25&#8243; font_weight=&#8220;400&#8243; margin_bottom=&#8220;0&#8243; font_family=&#8220;none&#8220; align=&#8220;center&#8220; el_class=&#8220;today&#8220;]<span class=\"blanco\">Seit 1992 Sachverst\u00e4ndige f\u00fcr \u00f6kologischen Landbau<\/span>[\/mk_fancy_title][\/vc_column_inner][vc_column_inner width=&#8220;1\/6&#8243;][\/vc_column_inner][\/vc_row_inner][\/vc_column][\/mk_page_section][mk_page_section bg_image=&#8220;https:\/\/bionest.es\/wp-content\/uploads\/2024\/06\/fondos-bionest-32.png&#8220; bg_color=&#8220;#f7f6f3&#8243; bg_position=&#8220;center top&#8220; bg_repeat=&#8220;no-repeat&#8220; bg_stretch=&#8220;true&#8220; min_height=&#8220;400&#8243; padding_top=&#8220;40&#8243; padding_bottom=&#8220;0&#8243; sidebar=&#8220;sidebar-1&#8243;][vc_column css=&#8220;.vc_custom_1718632481102{margin-bottom: 0px !important;padding-top: 0px !important;padding-right: 3em !important;padding-bottom: 0px !important;padding-left: 3em !important;background-position: center !important;background-repeat: no-repeat !important;background-size: contain !important;}&#8220;][mk_fancy_title tag_name=&#8220;span&#8220; color=&#8220;#c60001&#8243; size=&#8220;80&#8243; force_font_size=&#8220;true&#8220; size_tablet=&#8220;70&#8243; size_phone=&#8220;70&#8243; line_height=&#8220;80&#8243; margin_bottom=&#8220;26&#8243; font_family=&#8220;none&#8220; align=&#8220;center&#8220; el_class=&#8220;just&#8220;]Europas f\u00fchrendem Produzenten und<br \/>\nExporteur von Bio-Bren.[\/mk_fancy_title][vc_raw_html css=&#8220;.vc_custom_1721394043488{margin-bottom: 0px !important;}&#8220;]JTVCZ3N0ZWFtJTIwaWQlM0Q2JTVE[\/vc_raw_html][\/vc_column][\/mk_page_section][mk_page_section bg_color=&#8220;#f7f6f3&#8243; bg_position=&#8220;center top&#8220; bg_repeat=&#8220;no-repeat&#8220; bg_stretch=&#8220;true&#8220; min_height=&#8220;400&#8243; padding_top=&#8220;0&#8243; padding_bottom=&#8220;40&#8243; sidebar=&#8220;sidebar-1&#8243;][vc_column css=&#8220;.vc_custom_1718363884854{padding-top: 0em !important;padding-right: 3em !important;padding-bottom: 0em !important;padding-left: 3em !important;background-position: center !important;background-repeat: no-repeat !important;background-size: contain !important;}&#8220;][vc_raw_html]JTVCZ3N0ZWFtJTIwaWQlM0Q3JTVE[\/vc_raw_html][\/vc_column][\/mk_page_section][mk_page_section vertical_align=&#8220;top&#8220; bg_image=&#8220;https:\/\/bionest.es\/wp-content\/uploads\/2024\/06\/fondos-bionest-31.png&#8220; bg_color=&#8220;#f7f6f3&#8243; bg_position=&#8220;left center&#8220; bg_repeat=&#8220;no-repeat&#8220; bg_stretch=&#8220;true&#8220; min_height=&#8220;&#8220; js_vertical_centered=&#8220;true&#8220; padding_top=&#8220;50&#8243; padding_bottom=&#8220;50&#8243; sidebar=&#8220;sidebar-1&#8243;][vc_column css=&#8220;.vc_custom_1718364320318{padding-top: 0em !important;padding-right: 0em !important;padding-bottom: 0em !important;padding-left: 0em !important;}&#8220;][mk_fancy_title tag_name=&#8220;h1&#8243; color=&#8220;#d33022&#8243; size=&#8220;72&#8243; force_font_size=&#8220;true&#8220; size_tablet=&#8220;56&#8243; size_phone=&#8220;44&#8243; line_height=&#8220;90&#8243; font_weight=&#8220;bold&#8220; margin_bottom=&#8220;30&#8243; font_family=&#8220;none&#8220; align=&#8220;center&#8220;]EIN MULTIDISZIPLIN\u00c4RES TEAM<br \/>\nF\u00dcR EINEN GLOBALEN MARKT[\/mk_fancy_title][vc_column_text align=&#8220;center&#8220; el_class=&#8220;today&#8220; css=&#8220;.vc_custom_1721391574044{margin-bottom: 0px !important;}&#8220;]Das Bionest Team, Experten im \u00f6kologischen Landbau, k\u00fcmmert sich um alle Aspekte, die f\u00fcr eine nachhaltige Produktion von Bio-Beeren h\u00f6chster Qualit\u00e4t ber\u00fccksichtigt werden m\u00fcssen.<\/p>\n<p>Mit einem multidisziplin\u00e4ren und gut organisierten Team ist <strong>Bionest f\u00fchrend in der Produktion und im Export von Bio-Beeren in Europa<\/strong>.<\/p>\n<p>In den letzten Jahren ist die Nachfrage auf dem Weltmarkt stark gestiegen. Ein anspruchsvoller globaler Markt, dem sich das Unternehmen zu 100 % widmet. Der Export von Bio-Beeren von Bionest ist in L\u00e4ndern wie <strong>Dubai, Singapur und Katar<\/strong> bereits Realit\u00e4t und das Unternehmen blickt mit gro\u00dfer Begeisterung in die Zukunft, um einen <strong>nachhaltigen Expansionskurs einzuschlagen<\/strong>.[\/vc_column_text][\/vc_column][\/mk_page_section][vc_row fullwidth=&#8220;true&#8220; css=&#8220;.vc_custom_1718184214214{padding-top: 6em !important;padding-bottom: 6em !important;background-color: #145010 !important;}&#8220;][vc_column css=&#8220;.vc_custom_1718183863396{background-color: #145010 !important;}&#8220;][mk_fancy_title tag_name=&#8220;h1&#8243; color=&#8220;#ffffff&#8220; size=&#8220;72&#8243; force_font_size=&#8220;true&#8220; size_tablet=&#8220;56&#8243; size_phone=&#8220;44&#8243; line_height=&#8220;90&#8243; font_weight=&#8220;bold&#8220; margin_bottom=&#8220;30&#8243; font_family=&#8220;none&#8220; align=&#8220;center&#8220;]BIONESTANLAGEN UND FELDER[\/mk_fancy_title][vc_column_text css=&#8220;.vc_custom_1718182858293{margin-bottom: 0px !important;}&#8220;]\n\t\t<style>\n\t\t\t#wpls-logo-showcase-slider-1 .wpls-fix-box,\n\t\t\t#wpls-logo-showcase-slider-1 .wpls-fix-box img.wp-post-image{max-height:100px; }\n\t\t<\/style>\n\n\t\t<div class=\"wpls-wrap wpls-logo-showcase-slider-wrp wpls-logo-clearfix wpls-design-1 \" data-conf=\"{&quot;slides_column&quot;:&quot;3&quot;,&quot;slides_scroll&quot;:1,&quot;dots&quot;:&quot;true&quot;,&quot;arrows&quot;:&quot;false&quot;,&quot;autoplay&quot;:&quot;true&quot;,&quot;autoplay_interval&quot;:3000,&quot;loop&quot;:&quot;true&quot;,&quot;rtl&quot;:&quot;false&quot;,&quot;speed&quot;:800,&quot;center_mode&quot;:&quot;false&quot;,&quot;lazyload&quot;:&quot;&quot;}\">\n\t\t\t<div class=\"wpls-logo-showcase logo_showcase wpls-logo-slider  sliderimage_hide_border \" id=\"wpls-logo-showcase-slider-1\" >\n\t\t\t\t<div class=\"wpls-logo-cnt\">\n\t<div class=\"wpls-fix-box\">\n\t\t\t\t<img decoding=\"async\" class=\"wp-post-image\"  src=\"https:\/\/bionest.es\/wp-content\/uploads\/2024\/06\/campo_bionest_almonte.webp\" alt=\"\" \/>\n\t\t\t<\/div>\n\t\t<div class=\"logo-title\">Almonte<\/div>\n\t<\/div><div class=\"wpls-logo-cnt\">\n\t<div class=\"wpls-fix-box\">\n\t\t\t\t<img decoding=\"async\" class=\"wp-post-image\"  src=\"https:\/\/bionest.es\/wp-content\/uploads\/2024\/06\/campo_bionest_aljaraque.webp\" alt=\"\" \/>\n\t\t\t<\/div>\n\t\t<div class=\"logo-title\">Aljaraque<\/div>\n\t<\/div><div class=\"wpls-logo-cnt\">\n\t<div class=\"wpls-fix-box\">\n\t\t\t\t<img decoding=\"async\" class=\"wp-post-image\"  src=\"https:\/\/bionest.es\/wp-content\/uploads\/2024\/06\/campo_bionest_isla_cristina.webp\" alt=\"\" \/>\n\t\t\t<\/div>\n\t\t<div class=\"logo-title\">Isla Cristina<\/div>\n\t<\/div><div class=\"wpls-logo-cnt\">\n\t<div class=\"wpls-fix-box\">\n\t\t\t\t<img decoding=\"async\" class=\"wp-post-image\"  src=\"https:\/\/bionest.es\/wp-content\/uploads\/2024\/06\/campo_bionest_manzorrales.webp\" alt=\"\" \/>\n\t\t\t<\/div>\n\t\t<div class=\"logo-title\">Villamanrique<\/div>\n\t<\/div><div class=\"wpls-logo-cnt\">\n\t<div class=\"wpls-fix-box\">\n\t\t\t\t<img decoding=\"async\" class=\"wp-post-image\"  src=\"https:\/\/bionest.es\/wp-content\/uploads\/2024\/06\/campo_bionest_la_zorrilla.webp\" alt=\"\" \/>\n\t\t\t<\/div>\n\t\t<div class=\"logo-title\">La Zorrilla<\/div>\n\t<\/div><div class=\"wpls-logo-cnt\">\n\t<div class=\"wpls-fix-box\">\n\t\t\t\t<img decoding=\"async\" class=\"wp-post-image\"  src=\"https:\/\/bionest.es\/wp-content\/uploads\/2024\/06\/campo_bionest_el_rocio.webp\" alt=\"\" \/>\n\t\t\t<\/div>\n\t\t<div class=\"logo-title\">El Roc\u00edo<\/div>\n\t<\/div>\t\t\t<\/div>\n\t\t<\/div>\n\n\t\t[\/vc_column_text][\/vc_column][\/vc_row][mk_page_section bg_image=&#8220;https:\/\/bionest.es\/wp-content\/uploads\/2024\/06\/fondos-bionest-33.webp&#8220; bg_position=&#8220;center center&#8220; bg_stretch=&#8220;true&#8220; top_shadow=&#8220;true&#8220; js_vertical_centered=&#8220;true&#8220; padding_top=&#8220;150&#8243; padding_bottom=&#8220;100&#8243; sidebar=&#8220;sidebar-1&#8243;][vc_column][mk_fancy_title tag_name=&#8220;span&#8220; color=&#8220;#ffffff&#8220; size=&#8220;150&#8243; force_font_size=&#8220;true&#8220; size_tablet=&#8220;100&#8243; size_phone=&#8220;80&#8243; line_height=&#8220;80&#8243; margin_bottom=&#8220;0&#8243; font_family=&#8220;none&#8220; align=&#8220;center&#8220; el_class=&#8220;just&#8220;]Leidenschaft f\u00fcr Land<br \/>\nund Nachhaltigkeit[\/mk_fancy_title][\/vc_column][\/mk_page_section]\n<\/div>","protected":false},"excerpt":{"rendered":"<p>[mk_page_section bg_image=&#8220;https:\/\/bionest.es\/wp-content\/uploads\/2022\/07\/fondo-frutos-rojos-ecologicos-home.jpg&#8220; bg_position=&#8220;center center&#8220; bg_repeat=&#8220;no-repeat&#8220; top_shadow=&#8220;true&#8220; min_height=&#8220;&#8220; full_width=&#8220;true&#8220; js_vertical_centered=&#8220;true&#8220; padding_top=&#8220;50&#8243; padding_bottom=&#8220;20&#8243; sidebar=&#8220;sidebar-1&#8243;][vc_column css=&#8220;.vc_custom_1658496462740{padding-top: 0px !important;padding-bottom: 0px !important;}&#8220;][mk_fancy_title tag_name=&#8220;h1&#8243; color=&#8220;#ffffff&#8220; size=&#8220;80&#8243; force_font_size=&#8220;true&#8220; size_tablet=&#8220;60&#8243; size_phone=&#8220;48&#8243; line_height=&#8220;80&#8243; font_weight=&#8220;bold&#8220; margin_bottom=&#8220;0&#8243; font_family=&#8220;none&#8220; align=&#8220;center&#8220; el_class=&#8220;today&#8220;] TEAM BIONEST [\/mk_fancy_title][vc_row_inner][vc_column_inner width=&#8220;1\/6&#8243;][\/vc_column_inner][vc_column_inner width=&#8220;2\/3&#8243; css=&#8220;.vc_custom_1658496695743{padding-right: 1em !important;padding-left: 1em !important;}&#8220;][mk_fancy_title color=&#8220;#ffffff&#8220; size=&#8220;25&#8243; force_font_size=&#8220;true&#8220; size_tablet=&#8220;25&#8243; size_phone=&#8220;25&#8243; font_weight=&#8220;400&#8243; margin_bottom=&#8220;0&#8243; font_family=&#8220;none&#8220; align=&#8220;center&#8220; el_class=&#8220;today&#8220;]Seit 1992 Sachverst\u00e4ndige f\u00fcr \u00f6kologischen Landbau[\/mk_fancy_title][\/vc_column_inner][vc_column_inner width=&#8220;1\/6&#8243;][\/vc_column_inner][\/vc_row_inner][\/vc_column][\/mk_page_section][mk_page_section [&hellip;]<\/p>\n","protected":false},"author":7,"featured_media":0,"parent":0,"menu_order":0,"comment_status":"closed","ping_status":"open","template":"","meta":{"footnotes":""},"class_list":["post-22054","page","type-page","status-publish","hentry"],"_links":{"self":[{"href":"https:\/\/bionest.es\/de\/wp-json\/wp\/v2\/pages\/22054","targetHints":{"allow":["GET"]}}],"collection":[{"href":"https:\/\/bionest.es\/de\/wp-json\/wp\/v2\/pages"}],"about":[{"href":"https:\/\/bionest.es\/de\/wp-json\/wp\/v2\/types\/page"}],"author":[{"embeddable":true,"href":"https:\/\/bionest.es\/de\/wp-json\/wp\/v2\/users\/7"}],"replies":[{"embeddable":true,"href":"https:\/\/bionest.es\/de\/wp-json\/wp\/v2\/comments?post=22054"}],"version-history":[{"count":0,"href":"https:\/\/bionest.es\/de\/wp-json\/wp\/v2\/pages\/22054\/revisions"}],"wp:attachment":[{"href":"https:\/\/bionest.es\/de\/wp-json\/wp\/v2\/media?parent=22054"}],"curies":[{"name":"wp","href":"https:\/\/api.w.org\/{rel}","templated":true}]}}