{"id":16772,"date":"2023-12-14T09:51:04","date_gmt":"2023-12-14T08:51:04","guid":{"rendered":"https:\/\/bionest.es\/?page_id=16772"},"modified":"2024-04-10T21:10:17","modified_gmt":"2024-04-10T19:10:17","slug":"pandora-bio-himbeere","status":"publish","type":"page","link":"https:\/\/bionest.es\/de\/pandora-bio-himbeere\/","title":{"rendered":"Pandora Bio-Himbeere"},"content":{"rendered":"<div class=\"wpb-content-wrapper\">[mk_page_section vertical_align=&#8220;center&#8220; bg_image=&#8220;https:\/\/bionest.es\/wp-content\/uploads\/2023\/11\/header-pandora-frambuesa-framboises-himbeeren-raspebrry.jpg&#8220; bg_image_portrait=&#8220;https:\/\/bionest.es\/wp-content\/uploads\/2023\/12\/movil-header-pandora-frambuesa-framboises-himbeeren-raspebrry.webp&#8220; bg_color=&#8220;#ed1459&#8243; bg_position=&#8220;center center&#8220; bg_repeat=&#8220;no-repeat&#8220; bg_stretch=&#8220;true&#8220; top_shadow=&#8220;true&#8220; min_height=&#8220;500&#8243; js_vertical_centered=&#8220;true&#8220; padding_top=&#8220;50&#8243; padding_bottom=&#8220;50&#8243; sidebar=&#8220;sidebar-1&#8243;][vc_column][\/vc_column][\/mk_page_section][mk_page_section bg_color=&#8220;#eb165b&#8220; bg_position=&#8220;center center&#8220; bg_repeat=&#8220;no-repeat&#8220; speed_factor=&#8220;0.4&#8243; video_opacity=&#8220;0.3&#8243; js_vertical_centered=&#8220;true&#8220; padding_top=&#8220;50&#8243; padding_bottom=&#8220;50&#8243; sidebar=&#8220;sidebar-1&#8243;][vc_column][vc_row_inner][vc_column_inner offset=&#8220;vc_hidden-xs&#8220;][vc_column_text css=&#8220;.vc_custom_1674809999750{margin-bottom: 0px !important;}&#8220;]<div class=\"wp-block-image\">\n<figure class=\"aligncenter size-full\"><img loading=\"lazy\" decoding=\"async\" width=\"1921\" height=\"273\" src=\"https:\/\/bionest.es\/wp-content\/uploads\/2022\/11\/bionest-certificaciones-desktop.png\" alt=\"bionest-certificaciones-desktop\" class=\"wp-image-11923\" srcset=\"https:\/\/bionest.es\/wp-content\/uploads\/2022\/11\/bionest-certificaciones-desktop.png 1921w, https:\/\/bionest.es\/wp-content\/uploads\/2022\/11\/bionest-certificaciones-desktop-300x43.png 300w, https:\/\/bionest.es\/wp-content\/uploads\/2022\/11\/bionest-certificaciones-desktop-1024x146.png 1024w, https:\/\/bionest.es\/wp-content\/uploads\/2022\/11\/bionest-certificaciones-desktop-768x109.png 768w\" sizes=\"auto, (max-width: 1921px) 100vw, 1921px\" \/><\/figure>\n<\/div>[\/vc_column_text][\/vc_column_inner][\/vc_row_inner][vc_row_inner][vc_column_inner offset=&#8220;vc_hidden-lg vc_hidden-md vc_hidden-sm&#8220;][vc_column_text css=&#8220;.vc_custom_1674810010173{margin-bottom: 0px !important;}&#8220;]<div class=\"wp-block-image\">\n<figure class=\"aligncenter size-full\"><img loading=\"lazy\" decoding=\"async\" width=\"1044\" height=\"515\" src=\"https:\/\/bionest.es\/wp-content\/uploads\/2022\/11\/certificaciones-bionest-mobile.png\" alt=\"certificaciones-bionest\" class=\"wp-image-11808\" srcset=\"https:\/\/bionest.es\/wp-content\/uploads\/2022\/11\/certificaciones-bionest-mobile.png 1044w, https:\/\/bionest.es\/wp-content\/uploads\/2022\/11\/certificaciones-bionest-mobile-300x148.png 300w, https:\/\/bionest.es\/wp-content\/uploads\/2022\/11\/certificaciones-bionest-mobile-1024x505.png 1024w, https:\/\/bionest.es\/wp-content\/uploads\/2022\/11\/certificaciones-bionest-mobile-768x379.png 768w\" sizes=\"auto, (max-width: 1044px) 100vw, 1044px\" \/><\/figure>\n<\/div>[\/vc_column_text][\/vc_column_inner][\/vc_row_inner][\/vc_column][\/mk_page_section][mk_page_section bg_color=&#8220;#ffffff&#8220; bg_position=&#8220;center center&#8220; bg_repeat=&#8220;no-repeat&#8220; js_vertical_centered=&#8220;true&#8220; padding_top=&#8220;50&#8243; padding_bottom=&#8220;50&#8243; sidebar=&#8220;sidebar-1&#8243;][vc_column][vc_row_inner][vc_column_inner width=&#8220;1\/2&#8243;][mk_fancy_title color=&#8220;#ed1459&#8243; size=&#8220;90&#8243; force_font_size=&#8220;true&#8220; size_tablet=&#8220;90&#8243; size_phone=&#8220;80&#8243; line_height=&#8220;80&#8243; margin_top=&#8220;20&#8243; margin_bottom=&#8220;0&#8243; font_family=&#8220;none&#8220; responsive_align=&#8220;left&#8220; el_class=&#8220;just&#8220;]Pandora Bio-Himbeere,<br \/>\nnat\u00fcrliche Gr\u00f6\u00dfe[\/mk_fancy_title][vc_column_text margin_bottom=&#8220;20&#8243; el_class=&#8220;today&#8220; css=&#8220;.vc_custom_1702544795110{margin-bottom: 0px !important;}&#8220;]<span class=\"subtitulo-titulares\">Eine gro\u00dfe, widerstandsf\u00e4hige Bio-Himbeere<\/span>[\/vc_column_text][vc_column_text margin_bottom=&#8220;20&#8243; el_class=&#8220;today&#8220; css=&#8220;.vc_custom_1702544863756{margin-bottom: 0px !important;}&#8220;]Die Bio-Himbeersorte Pandora zeichnet sich durch einen sehr angenehmen Geschmack und ein sehr gutes Zucker-S\u00e4ure-Verh\u00e4ltnis aus und ist die ganze Saison \u00fcber sehr stabil.<br \/>\nDie Frucht hat eine konische Form, ist gro\u00df und sehr attraktiv. Sie eignet sich hervorragend f\u00fcr den Premiumbereich, in dem Fruchtgr\u00f6\u00dfe und Geschmack gefragt sind.<\/p>\n<p><strong>Wir exportieren aus Spanien und Portugal<\/strong> auf dem Landweg nach ganz Europa und auf dem Luftweg in den Nahen Osten und nach S\u00fcdostasien.[\/vc_column_text][\/vc_column_inner][vc_column_inner width=&#8220;1\/2&#8243;][vc_empty_space height=&#8220;3em&#8220;][vc_progress_bar values=&#8220;%5B%7B%22label%22%3A%22Lebensdauer%22%2C%22value%22%3A%2285%22%2C%22color%22%3A%22custom%22%2C%22customcolor%22%3A%22%23ef236b%22%2C%22customtxtcolor%22%3A%22%23ffffff%22%7D%2C%7B%22label%22%3A%22Ertrag%22%2C%22value%22%3A%2290%22%2C%22color%22%3A%22custom%22%2C%22customcolor%22%3A%22%23ef236b%22%2C%22customtxtcolor%22%3A%22%23ffffff%22%7D%2C%7B%22label%22%3A%22Gr%C3%B6%C3%9Fe%22%2C%22value%22%3A%2290%22%2C%22color%22%3A%22custom%22%2C%22customcolor%22%3A%22%23ef236b%22%2C%22customtxtcolor%22%3A%22%23ffffff%22%7D%2C%7B%22label%22%3A%22Wasserbedarf%22%2C%22value%22%3A%2238%22%2C%22color%22%3A%22custom%22%2C%22customcolor%22%3A%22%23ef236b%22%2C%22customtxtcolor%22%3A%22%23ffffff%22%7D%2C%7B%22label%22%3A%22Geschmack%22%2C%22value%22%3A%2275%22%2C%22color%22%3A%22custom%22%2C%22customcolor%22%3A%22%23ef236b%22%2C%22customtxtcolor%22%3A%22%23ffffff%22%7D%5D&#8220;][\/vc_column_inner][\/vc_row_inner][vc_row_inner][vc_column_inner][vc_empty_space][\/vc_column_inner][\/vc_row_inner][\/vc_column][\/mk_page_section][mk_page_section vertical_align=&#8220;center&#8220; bg_image=&#8220;https:\/\/bionest.es\/wp-content\/uploads\/2023\/11\/pandora-bio-produccion-production.jpg&#8220; bg_position=&#8220;center center&#8220; bg_repeat=&#8220;no-repeat&#8220; bg_stretch=&#8220;true&#8220; padding_top=&#8220;50&#8243; padding_bottom=&#8220;50&#8243; sidebar=&#8220;sidebar-1&#8243;][vc_column][vc_row_inner is_fullwidth_content=&#8220;false&#8220;][vc_column_inner width=&#8220;1\/2&#8243;][mk_image src=&#8220;https:\/\/bionest.es\/wp-content\/uploads\/2023\/11\/bio-pandora-berry-fruto-rojo-himbeeren.png&#8220; image_size=&#8220;full&#8220; align=&#8220;center&#8220; margin_bottom=&#8220;0&#8243;][\/vc_column_inner][vc_column_inner width=&#8220;1\/2&#8243;][mk_fancy_title color=&#8220;#ed1459&#8243; size=&#8220;90&#8243; force_font_size=&#8220;true&#8220; size_tablet=&#8220;90&#8243; size_phone=&#8220;80&#8243; line_height=&#8220;80&#8243; margin_top=&#8220;20&#8243; margin_bottom=&#8220;0&#8243; font_family=&#8220;none&#8220; responsive_align=&#8220;left&#8220; el_class=&#8220;just&#8220;]Eigenschaften[\/mk_fancy_title][vc_column_text margin_bottom=&#8220;20&#8243; el_class=&#8220;today&#8220; css=&#8220;.vc_custom_1702545250882{margin-bottom: 0px !important;}&#8220;]<span class=\"subtitulo-titulares\">Vorteile<\/span>[\/vc_column_text][vc_column_text margin_bottom=&#8220;20&#8243; el_class=&#8220;today&#8220; css=&#8220;.vc_custom_1702545482147{margin-bottom: 0px !important;}&#8220;]<strong>Aussehen<\/strong>: Sehr einheitliche Fr\u00fcchte mit hohem Glanz<br \/>\n<strong>Geschmack<\/strong>: Sehr guter Geschmack<br \/>\n<strong>Lebensdauer<\/strong>: Lange ohne Farbentwicklung<br \/>\n<strong>Ertrag<\/strong>: Hohe Produktivit\u00e4t, besser als die aktuellen Ma\u00dfst\u00e4be<br \/>\n<strong>Wasserbedarf<\/strong>: Niedrig, Wasserfu\u00dfabdruck &lt;135 L\/kg[\/vc_column_text][vc_column_text margin_bottom=&#8220;20&#8243; el_class=&#8220;today&#8220; css=&#8220;.vc_custom_1702546181300{margin-bottom: 0px !important;}&#8220;]<span class=\"subtitulo-titulares\">Anbau und Produktion<\/span>[\/vc_column_text][mk_custom_list style=&#8220;mk-moon-circle-small&#8220; icon_color=&#8220;#ed555e&#8220;]\n<ul>\n<li>Ideal f\u00fcr die Produktion von <strong>gro\u00dfen Fr\u00fcchten im Premium-Segment<\/strong>.<\/li>\n<li>Erm\u00f6glicht eine effiziente Anbauplanung zwischen <strong>November und Mai<\/strong>.<\/li>\n<li>Hohe Erntegeschwindigkeit. <strong>Hohe Produktionskapazit\u00e4t<\/strong> bei langen Ruten.<\/li>\n<li>Sehr kr\u00e4ftige Pflanze, hohe Wuchsform, die es erm\u00f6glicht, Ruten mit <strong>gro\u00dfem Potenzial zu erhalten<\/strong>.<\/li>\n<\/ul>\n[\/mk_custom_list][\/vc_column_inner][\/vc_row_inner][\/vc_column][\/mk_page_section][vc_row fullwidth=&#8220;true&#8220; fullwidth_content=&#8220;false&#8220; css=&#8220;.vc_custom_1701897082220{padding-top: 1em !important;}&#8220; el_class=&#8220;disponibilidad-anual&#8220;][vc_column][vc_single_image image=&#8220;16895&#8243; img_size=&#8220;full&#8220; alignment=&#8220;center&#8220;][\/vc_column][\/vc_row][vc_row fullwidth=&#8220;true&#8220; equal_columns=&#8220;true&#8220; attached=&#8220;true&#8220; el_class=&#8220;grandeza-natural&#8220;][vc_column][vc_row_inner attached=&#8220;true&#8220; el_class=&#8220;grandeza-natural-row&#8220;][vc_column_inner el_class=&#8220;grandeza-column-izq&#8220; width=&#8220;1\/2&#8243; css=&#8220;.vc_custom_1701892211635{background-image: url(https:\/\/bionest.es\/wp-content\/uploads\/2023\/11\/fondo-pandora-rosa.jpg?id=16274) !important;background-position: center !important;background-repeat: no-repeat !important;background-size: cover !important;}&#8220;][vc_custom_heading text=&#8220;<b>Form:<\/b> L\u00e4nglich konisch<br \/>\n<b>Farbe:<\/b> Hellrot<br \/>\n<b>Kaliber:<\/b> 6,5 gr \u2013 hoch<br \/>\n<b>Brix: <\/b>Hoch, s\u00fc\u00df mit einer Note<br \/>\n<b>Pandora: <\/b>10,6\u00ba&#8220; font_container=&#8220;tag:div|font_size:30px|text_align:left|color:%23ffffff|line_height:1em&#8220; use_theme_fonts=&#8220;yes&#8220; el_class=&#8220;today&#8220; css=&#8220;.vc_custom_1702546911048{padding-top: 5em !important;padding-right: 3em !important;padding-bottom: 5em !important;padding-left: 7em !important;}&#8220;][\/vc_column_inner][vc_column_inner el_class=&#8220;grandeza-column-drc&#8220; width=&#8220;1\/2&#8243; css=&#8220;.vc_custom_1702546724244{margin-top: 0px !important;margin-right: 0px !important;margin-bottom: 0px !important;margin-left: 0px !important;padding-top: 0px !important;padding-right: 0px !important;padding-bottom: 0px !important;padding-left: 0px !important;background-image: url(https:\/\/bionest.es\/wp-content\/uploads\/2023\/12\/himbeeren-bio-natuerliche-groesse.jpg?id=16900) !important;}&#8220;][vc_empty_space height=&#8220;485px&#8220;][\/vc_column_inner][\/vc_row_inner][\/vc_column][\/vc_row][mk_page_section bg_color=&#8220;#ffffff&#8220; padding_top=&#8220;40&#8243; padding_bottom=&#8220;40&#8243; sidebar=&#8220;sidebar-1&#8243;][vc_column][mk_fancy_title color=&#8220;#ed1459&#8243; size=&#8220;90&#8243; force_font_size=&#8220;true&#8220; size_tablet=&#8220;90&#8243; size_phone=&#8220;80&#8243; line_height=&#8220;80&#8243; margin_top=&#8220;20&#8243; margin_bottom=&#8220;0&#8243; font_family=&#8220;none&#8220; responsive_align=&#8220;left&#8220; el_class=&#8220;just&#8220;]\n<p style=\"text-align: center;\">Bio-Verpackung<\/p>\n[\/mk_fancy_title][vc_column_text margin_bottom=&#8220;20&#8243; el_class=&#8220;today&#8220; css=&#8220;.vc_custom_1702547035018{margin-bottom: 0px !important;}&#8220;]\n<p style=\"text-align: center;\">Bei Bionest haben wir eine hauseigene Abteilung f\u00fcr Verpackungsdesign und -produktion. Wir erforschen und entwickeln neue umweltfreundliche Formate, um den Anforderungen,<strong> Bestellungen und Lieferungen in ganz Europa auf dem Landweg sowie im Nahen Osten und in S\u00fcdostasien auf dem Luftweg gerecht zu werden<\/strong>.<\/p>\n[\/vc_column_text][\/vc_column][\/mk_page_section][mk_page_section bg_color=&#8220;#ffffff&#8220; padding_top=&#8220;40&#8243; padding_bottom=&#8220;40&#8243; sidebar=&#8220;sidebar-1&#8243;][vc_column width=&#8220;1\/3&#8243;][mk_image src=&#8220;https:\/\/bionest.es\/wp-content\/uploads\/2024\/04\/pandora_bionest-berries-packagin-pink-star.webp&#8220; image_size=&#8220;full&#8220; align=&#8220;center&#8220; margin_bottom=&#8220;40&#8243;][\/vc_column][vc_column width=&#8220;1\/3&#8243;][mk_image src=&#8220;https:\/\/bionest.es\/wp-content\/uploads\/2024\/04\/pinkstar_bionest-berries-packagin.webp&#8220; image_size=&#8220;full&#8220; align=&#8220;center&#8220; margin_bottom=&#8220;40&#8243;][\/vc_column][vc_column width=&#8220;1\/3&#8243;][mk_image src=&#8220;https:\/\/bionest.es\/wp-content\/uploads\/2024\/04\/pandora_bionest-berries-packagin.webp&#8220; image_size=&#8220;full&#8220; align=&#8220;center&#8220; margin_bottom=&#8220;40&#8243;][\/vc_column][\/mk_page_section][mk_page_section vertical_align=&#8220;center&#8220; bg_image=&#8220;https:\/\/bionest.es\/wp-content\/uploads\/2023\/12\/bio-himbeere-aus-biologischem-anbau.jpg&#8220; bg_position=&#8220;center center&#8220; bg_repeat=&#8220;no-repeat&#8220; bg_stretch=&#8220;true&#8220; min_height=&#8220;&#8220; padding_top=&#8220;0&#8243; padding_bottom=&#8220;0&#8243; sidebar=&#8220;sidebar-1&#8243;][vc_column][vc_row_inner is_fullwidth_content=&#8220;false&#8220;][vc_column_inner width=&#8220;1\/2&#8243;][vc_column_text align=&#8220;center&#8220; el_class=&#8220;today&#8220; css=&#8220;.vc_custom_1702547320380{margin-bottom: 0px !important;}&#8220;]\n<p style=\"text-align: left; line-height: 1.5em; color: white; font-size: 2em; font-weight: bold;\">WIR KULTIVIEREN HIMBEEREN,<br \/>\nABER AUCH BODEN:<br \/>\nWIR REICHERN UND<br \/>\nUND VERBESSERN IHN AUF<br \/>\nNACHHALTIGE WEISE<\/p>\n[\/vc_column_text][\/vc_column_inner][vc_column_inner width=&#8220;1\/2&#8243;][\/vc_column_inner][\/vc_row_inner][\/vc_column][\/mk_page_section][mk_page_section bg_image=&#8220;https:\/\/bionest.es\/wp-content\/uploads\/2023\/11\/pandora-bio-fondo-laboratory.jpg&#8220; border_color=&#8220;#e5e4df&#8220; bg_position=&#8220;center top&#8220; bg_repeat=&#8220;no-repeat&#8220; bg_stretch=&#8220;true&#8220; js_vertical_centered=&#8220;true&#8220; padding_top=&#8220;50&#8243; padding_bottom=&#8220;50&#8243; sidebar=&#8220;sidebar-1&#8243;][vc_column width=&#8220;1\/2&#8243;][mk_image src=&#8220;https:\/\/bionest.es\/wp-content\/uploads\/2023\/11\/bio-pandora-bionest.png&#8220; image_size=&#8220;full&#8220; align=&#8220;center&#8220; margin_bottom=&#8220;0&#8243;][\/vc_column][vc_column width=&#8220;1\/2&#8243;][mk_fancy_title color=&#8220;#ed1459&#8243; size=&#8220;90&#8243; force_font_size=&#8220;true&#8220; size_tablet=&#8220;90&#8243; size_phone=&#8220;80&#8243; line_height=&#8220;80&#8243; margin_top=&#8220;20&#8243; margin_bottom=&#8220;0&#8243; font_family=&#8220;none&#8220; responsive_align=&#8220;left&#8220; el_class=&#8220;just&#8220;]I+D+i[\/mk_fancy_title][vc_column_text margin_bottom=&#8220;20&#8243; el_class=&#8220;today&#8220; css=&#8220;.vc_custom_1702547372373{margin-bottom: 0px !important;}&#8220;]<span class=\"subtitulo-titulares\">Investition in die Entwicklung von Pandora<\/span>[\/vc_column_text][vc_column_text margin_bottom=&#8220;20&#8243; el_class=&#8220;today&#8220; css=&#8220;.vc_custom_1702547412971{margin-bottom: 0px !important;}&#8220;]Die Forschungs- und Entwicklungsabteilung von Bionest f\u00fchrt jedes Jahr sehr genaue Studien in Labors und auf Testfeldern durch, um die Widerstandsf\u00e4higkeit der Pandora-Sorte sowie deren Ertrag, Gr\u00f6\u00dfe und Geschmack zu verbessern.<\/p>\n<p>Eine Himbeere mit viel Potenzial: hoher Ertrag, hohe Widerstandsf\u00e4higkeit, gro\u00dfartiger Geschmack und Gr\u00f6\u00dfe.<\/p>\n<p>Eine der Marken, die aus dieser Sorte entstanden sind, ist PINK STAR\u00ae. Bionest ist an der Entwicklung dieser Premium-Bio-Himbeere beteiligt, die sich als erste Premium-Himbeere etablieren soll, die 12 Monate im Jahr erh\u00e4ltlich ist.<br \/>\n[\/vc_column_text][\/vc_column][\/mk_page_section][mk_page_section bg_image=&#8220;https:\/\/bionest.es\/wp-content\/uploads\/2024\/04\/fondo-pinkstar.webp&#8220; bg_color=&#8220;#3ead85&#8243; bg_position=&#8220;center center&#8220; bg_repeat=&#8220;no-repeat&#8220; bg_stretch=&#8220;true&#8220; speed_factor=&#8220;0.4&#8243; video_opacity=&#8220;0.3&#8243; js_vertical_centered=&#8220;true&#8220; padding_top=&#8220;50&#8243; padding_bottom=&#8220;50&#8243; sidebar=&#8220;sidebar-1&#8243;][vc_column][vc_row_inner][vc_column_inner width=&#8220;1\/2&#8243;][vc_empty_space height=&#8220;2em&#8220;][vc_column_text css=&#8220;.vc_custom_1712566609383{margin-bottom: 0px !important;}&#8220;]\n<p style=\"text-align: left; color: white; font-size: 2em; font-weight: 600;\">Pink Star<sup style=\"vertical-align: baseline;\">\u00ae<\/sup><\/p>\n<p style=\"text-align: left; color: white; font-size: 1em;\">Die Premium-Himbeere Pink Star wurde im Mai 2023 vom <a href=\"https:\/\/www.taste-institute.com\/de\/home\" target=\"_blank\" rel=\"noopener nofollow\"><strong style=\"color: white;\">International Flavour Institute in Br\u00fcssel<\/strong><\/a> mit einem 2-Sterne-Geschmack Zertifikat ausgezeichnet. Bionest vermarktet seine Bio-Sorte PINK STAR BIO mit dem gleichen Ziel wie immer: <i>\u201can der Spitze der Entwicklung neuer Sorten zu bleiben, um einen immer anspruchsvolleren globalen Markt zu beliefern.\u201d<\/i><\/p>\n[\/vc_column_text][\/vc_column_inner][vc_column_inner width=&#8220;1\/2&#8243;][vc_single_image image=&#8220;19704&#8243; img_size=&#8220;full&#8220; alignment=&#8220;center&#8220; css=&#8220;.vc_custom_1712776177394{margin-bottom: 0px !important;}&#8220;][\/vc_column_inner][\/vc_row_inner][\/vc_column][\/mk_page_section][vc_row fullwidth=&#8220;true&#8220; css=&#8220;.vc_custom_1701894679400{background-image: url(https:\/\/bionest.es\/wp-content\/uploads\/2023\/11\/pandora-campo-field-landbau-champ.jpg?id=16309) !important;background-position: center !important;background-repeat: no-repeat !important;background-size: cover !important;}&#8220;][vc_column][vc_empty_space height=&#8220;5em&#8220;][vc_column_text align=&#8220;center&#8220; el_class=&#8220;today&#8220; css=&#8220;.vc_custom_1702547446256{margin-bottom: 0px !important;}&#8220;]\n<p style=\"text-align: center; color: white; font-size: 2.5em; font-weight: bold;\">ORGF\u00c4LTIGE BIO-PRODUKTION<br \/>\nMIT GR\u00d6SSTM\u00d6GLICHER VERANTWORTUNG<\/p>\n[\/vc_column_text][vc_btn title=&#8220;Mehr Infos&#8220; style=&#8220;classic&#8220; color=&#8220;pink&#8220; size=&#8220;lg&#8220; align=&#8220;center&#8220; el_class=&#8220;boton-mas-informacion&#8220;][vc_empty_space height=&#8220;5em&#8220;][\/vc_column][\/vc_row][mk_page_section bg_image=&#8220;https:\/\/bionest.es\/wp-content\/uploads\/2023\/11\/pandora-kontakt-contacto.jpg&#8220; bg_color=&#8220;#ed555e&#8220; bg_position=&#8220;center center&#8220; bg_repeat=&#8220;no-repeat&#8220; bg_stretch=&#8220;true&#8220; min_height=&#8220;&#8220; padding_top=&#8220;40&#8243; padding_bottom=&#8220;0&#8243; sidebar=&#8220;sidebar-1&#8243;][vc_column width=&#8220;1\/6&#8243;][\/vc_column][vc_column width=&#8220;1\/6&#8243;][vc_single_image image=&#8220;11673&#8243;][\/vc_column][vc_column width=&#8220;4\/6&#8243;][mk_fancy_title color=&#8220;#ffffff&#8220; size=&#8220;90&#8243; force_font_size=&#8220;true&#8220; size_tablet=&#8220;90&#8243; size_phone=&#8220;80&#8243; line_height=&#8220;80&#8243; margin_top=&#8220;20&#8243; margin_bottom=&#8220;0&#8243; font_family=&#8220;none&#8220; responsive_align=&#8220;left&#8220; el_class=&#8220;just&#8220;]Jos\u00e9 M. Rodr\u00edguez Holgado[\/mk_fancy_title][vc_row_inner][vc_column_inner][vc_column_text margin_bottom=&#8220;20&#8243; el_class=&#8220;today&#8220; css=&#8220;.vc_custom_1701169137989{margin-bottom: 0px !important;}&#8220;]<span class=\"subtitulo-titulares\" style=\"color: white;\">+34 619 938 684<\/span>[\/vc_column_text][\/vc_column_inner][\/vc_row_inner][\/vc_column][vc_column][vc_row_inner][vc_column_inner width=&#8220;1\/6&#8243;][\/vc_column_inner][vc_column_inner width=&#8220;5\/6&#8243; css=&#8220;.vc_custom_1701169422808{margin-right: 5rem !important;}&#8220;][vc_column_text margin_bottom=&#8220;20&#8243; el_class=&#8220;today&#8220; css=&#8220;.vc_custom_1702547724207{margin-bottom: 0px !important;}&#8220;]<span style=\"color: white; font-size: 18px;\">Wenn Sie Informationen \u00fcber dieses Produkt, seine Zertifizierungen, unsere Verwaltung und den Export ben\u00f6tigen, z\u00f6gern Sie nicht, uns unter der oben genannten Telefonnummer anzurufen oder eine E-Mail an <strong style=\"color: white;\">jmrholgado@bionest.es<\/strong><\/span>[\/vc_column_text][\/vc_column_inner][\/vc_row_inner][\/vc_column][\/mk_page_section]\n<\/div>","protected":false},"excerpt":{"rendered":"<p>[mk_page_section vertical_align=&#8220;center&#8220; bg_image=&#8220;https:\/\/bionest.es\/wp-content\/uploads\/2023\/11\/header-pandora-frambuesa-framboises-himbeeren-raspebrry.jpg&#8220; bg_image_portrait=&#8220;https:\/\/bionest.es\/wp-content\/uploads\/2023\/12\/movil-header-pandora-frambuesa-framboises-himbeeren-raspebrry.webp&#8220; bg_color=&#8220;#ed1459&#8243; bg_position=&#8220;center center&#8220; bg_repeat=&#8220;no-repeat&#8220; bg_stretch=&#8220;true&#8220; top_shadow=&#8220;true&#8220; min_height=&#8220;500&#8243; js_vertical_centered=&#8220;true&#8220; padding_top=&#8220;50&#8243; padding_bottom=&#8220;50&#8243; sidebar=&#8220;sidebar-1&#8243;][vc_column][\/vc_column][\/mk_page_section][mk_page_section bg_color=&#8220;#eb165b&#8220; bg_position=&#8220;center center&#8220; bg_repeat=&#8220;no-repeat&#8220; speed_factor=&#8220;0.4&#8243; video_opacity=&#8220;0.3&#8243; js_vertical_centered=&#8220;true&#8220; padding_top=&#8220;50&#8243; padding_bottom=&#8220;50&#8243; sidebar=&#8220;sidebar-1&#8243;][vc_column][vc_row_inner][vc_column_inner offset=&#8220;vc_hidden-xs&#8220;][vc_column_text css=&#8220;.vc_custom_1674809999750{margin-bottom: 0px !important;}&#8220;][\/vc_column_text][\/vc_column_inner][\/vc_row_inner][vc_row_inner][vc_column_inner offset=&#8220;vc_hidden-lg vc_hidden-md vc_hidden-sm&#8220;][vc_column_text css=&#8220;.vc_custom_1674810010173{margin-bottom: 0px !important;}&#8220;][\/vc_column_text][\/vc_column_inner][\/vc_row_inner][\/vc_column][\/mk_page_section][mk_page_section bg_color=&#8220;#ffffff&#8220; bg_position=&#8220;center center&#8220; bg_repeat=&#8220;no-repeat&#8220; js_vertical_centered=&#8220;true&#8220; padding_top=&#8220;50&#8243; padding_bottom=&#8220;50&#8243; sidebar=&#8220;sidebar-1&#8243;][vc_column][vc_row_inner][vc_column_inner width=&#8220;1\/2&#8243;][mk_fancy_title color=&#8220;#ed1459&#8243; size=&#8220;90&#8243; force_font_size=&#8220;true&#8220; size_tablet=&#8220;90&#8243; size_phone=&#8220;80&#8243; line_height=&#8220;80&#8243; margin_top=&#8220;20&#8243; margin_bottom=&#8220;0&#8243; font_family=&#8220;none&#8220; responsive_align=&#8220;left&#8220; el_class=&#8220;just&#8220;]Pandora [&hellip;]<\/p>\n","protected":false},"author":7,"featured_media":17218,"parent":0,"menu_order":0,"comment_status":"closed","ping_status":"open","template":"","meta":{"footnotes":""},"class_list":["post-16772","page","type-page","status-publish","has-post-thumbnail","hentry"],"_links":{"self":[{"href":"https:\/\/bionest.es\/de\/wp-json\/wp\/v2\/pages\/16772","targetHints":{"allow":["GET"]}}],"collection":[{"href":"https:\/\/bionest.es\/de\/wp-json\/wp\/v2\/pages"}],"about":[{"href":"https:\/\/bionest.es\/de\/wp-json\/wp\/v2\/types\/page"}],"author":[{"embeddable":true,"href":"https:\/\/bionest.es\/de\/wp-json\/wp\/v2\/users\/7"}],"replies":[{"embeddable":true,"href":"https:\/\/bionest.es\/de\/wp-json\/wp\/v2\/comments?post=16772"}],"version-history":[{"count":0,"href":"https:\/\/bionest.es\/de\/wp-json\/wp\/v2\/pages\/16772\/revisions"}],"wp:featuredmedia":[{"embeddable":true,"href":"https:\/\/bionest.es\/de\/wp-json\/wp\/v2\/media\/17218"}],"wp:attachment":[{"href":"https:\/\/bionest.es\/de\/wp-json\/wp\/v2\/media?parent=16772"}],"curies":[{"name":"wp","href":"https:\/\/api.w.org\/{rel}","templated":true}]}}